{"id":12836,"date":"2024-10-14T22:26:26","date_gmt":"2024-10-15T04:26:26","guid":{"rendered":"https:\/\/theoutdoorshubgt.com\/shop\/index.php\/product\/sa-sunward-radar-light-gray-os\/"},"modified":"2025-01-12T21:27:16","modified_gmt":"2025-01-13T03:27:16","slug":"sa-sunward-radar-light-gray-os","status":"publish","type":"product","link":"https:\/\/theoutdoorshubgt.com\/shop\/index.php\/product\/sa-sunward-radar-light-gray-os\/","title":{"rendered":"SUNDAY AFTERNOONS SUNWARD RADAR LIGHT GRAY OS"},"content":{"rendered":"<p>Ofreciendo protecci\u00f3n solar UPF 50+ y confeccionado con tejido bluesign\u00ae, el Sunward Radar es una elecci\u00f3n perfecta, ya sea que est\u00e9 haciendo senderismo, viajando o entrenando. Esta gorra cuenta con una banda absorbente y un tama\u00f1o ajustable el\u00e1stico y c\u00f3modo, para que se ajuste perfectamente. El ala curvada est\u00e1 estructurada y ofrece una sombra premium y sutiles detalles reflectantes que son \u00fatiles en condiciones de poca luz.<\/p>\n","protected":false},"excerpt":{"rendered":"<ul>\n<li>Clasificaci\u00f3n solar UPF 50+<\/li>\n<li>Ala de 2,75&#8243; (7 cm)<\/li>\n<li>Construcci\u00f3n de ala unida y sin costuras<\/li>\n<li>Repelente al agua duradero sin PFAS<\/li>\n<li>Ojales de ventilaci\u00f3n cortados con l\u00e1ser con superposiciones reflectantes<\/li>\n<li>Tama\u00f1o ajustable y c\u00f3modo el\u00e1stico.<\/li>\n<li>Sunglass Lock mantiene las gafas en su lugar<\/li>\n<li>Banda para el sudor absorbente<\/li>\n<li>Tejido del cuerpo principal y banda para el sudor bluesign\u00ae<\/li>\n<li>Cuerpo: 96% Poli\u00e9ster, 4% Elastano<\/li>\n<li>Se empaqueta de forma plana, no doble ni arrugue el borde.<\/li>\n<li>Lavar a mano con agua fr\u00eda, secar al aire. No usar lej\u00eda, planchar ni limpiar en seco.<\/li>\n<\/ul>\n","protected":false},"featured_media":16590,"template":"","meta":[],"product_cat":[116,94,114],"product_tag":[],"class_list":{"0":"post-12836","1":"product","2":"type-product","3":"status-publish","4":"has-post-thumbnail","6":"product_brand-sunday-afternoons","7":"product_cat-gorras","8":"product_cat-productos","9":"product_cat-sombreros-y-gorras","11":"first","12":"instock","13":"shipping-taxable","14":"purchasable","15":"product-type-simple"},"_links":{"self":[{"href":"https:\/\/theoutdoorshubgt.com\/shop\/index.php\/wp-json\/wp\/v2\/product\/12836","targetHints":{"allow":["GET"]}}],"collection":[{"href":"https:\/\/theoutdoorshubgt.com\/shop\/index.php\/wp-json\/wp\/v2\/product"}],"about":[{"href":"https:\/\/theoutdoorshubgt.com\/shop\/index.php\/wp-json\/wp\/v2\/types\/product"}],"wp:featuredmedia":[{"embeddable":true,"href":"https:\/\/theoutdoorshubgt.com\/shop\/index.php\/wp-json\/wp\/v2\/media\/16590"}],"wp:attachment":[{"href":"https:\/\/theoutdoorshubgt.com\/shop\/index.php\/wp-json\/wp\/v2\/media?parent=12836"}],"wp:term":[{"taxonomy":"product_cat","embeddable":true,"href":"https:\/\/theoutdoorshubgt.com\/shop\/index.php\/wp-json\/wp\/v2\/product_cat?post=12836"},{"taxonomy":"product_tag","embeddable":true,"href":"https:\/\/theoutdoorshubgt.com\/shop\/index.php\/wp-json\/wp\/v2\/product_tag?post=12836"}],"curies":[{"name":"wp","href":"https:\/\/api.w.org\/{rel}","templated":true}]}}