{"id":12841,"date":"2024-10-14T22:26:31","date_gmt":"2024-10-15T04:26:31","guid":{"rendered":"https:\/\/theoutdoorshubgt.com\/shop\/?post_type=product&#038;p=12841"},"modified":"2025-01-09T21:02:23","modified_gmt":"2025-01-10T03:02:23","slug":"sa-unwind-hat-caramel-large","status":"publish","type":"product","link":"https:\/\/theoutdoorshubgt.com\/shop\/index.php\/product\/sa-unwind-hat-caramel-large\/","title":{"rendered":"SUNDAY AFTERNOONS UNWIND HAT CARAMEL LARGE"},"content":{"rendered":"<p>Lleva tu relajaci\u00f3n a un nivel completamente nuevo con el sombrero Unwind. Este sombrero de fieltro de tama\u00f1o mediano est\u00e1 hecho de paja tripilla mexicana 100 % natural y tiene un ala de 3 pulgadas para una excelente protecci\u00f3n solar UPF 50+. La banda el\u00e1stica para el sudor garantiza un ajuste c\u00f3modo, mientras que la banda de cuero genuino a\u00f1ade un toque elegante. V\u00edstelo para salir por la noche o mantenlo informal para una tarde junto a la piscina, simplemente rel\u00e1jate y descansa.<\/p>\n","protected":false},"excerpt":{"rendered":"<ul>\n<li>Clasificaci\u00f3n solar UPF 50+<\/li>\n<li>Sombrero fedora de ala de 3&#8243; (8 cm)<\/li>\n<li>Paja tripilla 100% natural (variaciones de color con paja natural)<\/li>\n<li>Diadema de cuero genuino<\/li>\n<li>Banda el\u00e1stica para el sudor para un ajuste personalizado<\/li>\n<li>Hecho en M\u00e9xico a partir de fibras locales.<\/li>\n<li>Peso: 7,4 onzas\/210 gramos<\/li>\n<li>Cuerpo: 100% Palma, Exclusivo de Decoraci\u00f3n<\/li>\n<li>no aplastar<\/li>\n<li>No lavar, usar lej\u00eda, planchar ni limpiar en seco. Evite las condiciones h\u00famedas. Secar al aire libre si est\u00e1 mojado.<\/li>\n<\/ul>\n","protected":false},"featured_media":16617,"template":"","meta":[],"product_cat":[94,117,114],"product_tag":[],"class_list":{"0":"post-12841","1":"product","2":"type-product","3":"status-publish","4":"has-post-thumbnail","6":"product_brand-sunday-afternoons","7":"product_cat-productos","8":"product_cat-sombreros","9":"product_cat-sombreros-y-gorras","11":"first","12":"instock","13":"shipping-taxable","14":"purchasable","15":"product-type-variable","16":"has-default-attributes"},"_links":{"self":[{"href":"https:\/\/theoutdoorshubgt.com\/shop\/index.php\/wp-json\/wp\/v2\/product\/12841","targetHints":{"allow":["GET"]}}],"collection":[{"href":"https:\/\/theoutdoorshubgt.com\/shop\/index.php\/wp-json\/wp\/v2\/product"}],"about":[{"href":"https:\/\/theoutdoorshubgt.com\/shop\/index.php\/wp-json\/wp\/v2\/types\/product"}],"wp:featuredmedia":[{"embeddable":true,"href":"https:\/\/theoutdoorshubgt.com\/shop\/index.php\/wp-json\/wp\/v2\/media\/16617"}],"wp:attachment":[{"href":"https:\/\/theoutdoorshubgt.com\/shop\/index.php\/wp-json\/wp\/v2\/media?parent=12841"}],"wp:term":[{"taxonomy":"product_cat","embeddable":true,"href":"https:\/\/theoutdoorshubgt.com\/shop\/index.php\/wp-json\/wp\/v2\/product_cat?post=12841"},{"taxonomy":"product_tag","embeddable":true,"href":"https:\/\/theoutdoorshubgt.com\/shop\/index.php\/wp-json\/wp\/v2\/product_tag?post=12841"}],"curies":[{"name":"wp","href":"https:\/\/api.w.org\/{rel}","templated":true}]}}