{"id":12842,"date":"2024-10-14T22:26:32","date_gmt":"2024-10-15T04:26:32","guid":{"rendered":"https:\/\/theoutdoorshubgt.com\/shop\/?post_type=product&#038;p=12842"},"modified":"2025-01-10T16:19:21","modified_gmt":"2025-01-10T22:19:21","slug":"sa-vaporlite-rush-visor-elevation-os","status":"publish","type":"product","link":"https:\/\/theoutdoorshubgt.com\/shop\/index.php\/product\/sa-vaporlite-rush-visor-elevation-os\/","title":{"rendered":"SUNDAY AFTERNOONS VAPORLITE RUSH VISOR ELEVATION OS"},"content":{"rendered":"<p>Cuando el objetivo es una protecci\u00f3n solar de bajo perfil y peso pluma, la visera VaporLite\u2122 Rush es la soluci\u00f3n perfecta. Confeccionado con tela ultraligera 100% reciclada del cuerpo principal bluesign\u00ae, el tama\u00f1o ajustable y una c\u00f3moda banda para el sudor que absorbe la humedad garantizan un ajuste c\u00f3modo. Corriendo, caminando o persiguiendo a los ni\u00f1os por el parque, esta visera est\u00e1 lista para cualquier aventura activa. Los detalles reflectantes de 360\u00b0 y Sunglass Lock\u2122, que se adaptan a la cola de caballo y son totalmente plegables, son especialmente \u00fatiles despu\u00e9s del anochecer.<\/p>\n","protected":false},"excerpt":{"rendered":"<ul>\n<li>Clasificaci\u00f3n solar UPF 50+<\/li>\n<li>Ala plegable de 2\u00bd&#8221; (6,5 cm)<\/li>\n<li>Tejido VaporLite\u2122 ultraligero<\/li>\n<li>Sunglass Lock\u2122 mantiene las gafas en su lugar<\/li>\n<li>Detalles reflectantes<\/li>\n<li>Apto para cola de caballo<\/li>\n<li>Banda absorbente\/ala inferior para una m\u00e1xima evaporaci\u00f3n.<\/li>\n<li>Tama\u00f1o ajustable y c\u00f3modo el\u00e1stico.<\/li>\n<li>Tejido del cuerpo principal, malla y banda para el sudor bluesign\u00ae<\/li>\n<li>Malla 100% reciclada y tejido del cuerpo principal ripstop.<\/li>\n<li>El dise\u00f1o triturable es ideal para viajar<\/li>\n<li>Peso: 1,1 onzas\/32 gramos<\/li>\n<li>Cuerpo: 100% poli\u00e9ster, sin incluir decoraci\u00f3n<\/li>\n<li>triturable<\/li>\n<li>Lavar a mano con agua fr\u00eda, secar al aire. No usar lej\u00eda, planchar ni limpiar en seco.<\/li>\n<\/ul>\n","protected":false},"featured_media":16621,"template":"","meta":[],"product_cat":[116,94,114],"product_tag":[],"class_list":{"0":"post-12842","1":"product","2":"type-product","3":"status-publish","4":"has-post-thumbnail","6":"product_brand-sunday-afternoons","7":"product_cat-gorras","8":"product_cat-productos","9":"product_cat-sombreros-y-gorras","11":"first","12":"instock","13":"shipping-taxable","14":"product-type-variable"},"_links":{"self":[{"href":"https:\/\/theoutdoorshubgt.com\/shop\/index.php\/wp-json\/wp\/v2\/product\/12842","targetHints":{"allow":["GET"]}}],"collection":[{"href":"https:\/\/theoutdoorshubgt.com\/shop\/index.php\/wp-json\/wp\/v2\/product"}],"about":[{"href":"https:\/\/theoutdoorshubgt.com\/shop\/index.php\/wp-json\/wp\/v2\/types\/product"}],"wp:featuredmedia":[{"embeddable":true,"href":"https:\/\/theoutdoorshubgt.com\/shop\/index.php\/wp-json\/wp\/v2\/media\/16621"}],"wp:attachment":[{"href":"https:\/\/theoutdoorshubgt.com\/shop\/index.php\/wp-json\/wp\/v2\/media?parent=12842"}],"wp:term":[{"taxonomy":"product_cat","embeddable":true,"href":"https:\/\/theoutdoorshubgt.com\/shop\/index.php\/wp-json\/wp\/v2\/product_cat?post=12842"},{"taxonomy":"product_tag","embeddable":true,"href":"https:\/\/theoutdoorshubgt.com\/shop\/index.php\/wp-json\/wp\/v2\/product_tag?post=12842"}],"curies":[{"name":"wp","href":"https:\/\/api.w.org\/{rel}","templated":true}]}}