{"id":12843,"date":"2024-10-14T22:26:32","date_gmt":"2024-10-15T04:26:32","guid":{"rendered":"https:\/\/theoutdoorshubgt.com\/shop\/?post_type=product&#038;p=12843"},"modified":"2026-03-04T18:39:45","modified_gmt":"2026-03-05T00:39:45","slug":"sa-vaporlite-stride-cap-cayenne-os","status":"publish","type":"product","link":"https:\/\/theoutdoorshubgt.com\/shop\/index.php\/product\/sa-vaporlite-stride-cap-cayenne-os\/","title":{"rendered":"SUNDAY AFTERNOONS VAPORLITE STRIDE CAP CAYENNE OS"},"content":{"rendered":"<p>La construcci\u00f3n contorneada de 5 paneles y el tama\u00f1o ajustable hacen de la gorra VaporLite\u2122 Stride la elecci\u00f3n perfecta para tu pr\u00f3xima carrera. Confeccionada con tejido principal bluesign\u00ae 100 % reciclado y ultraligero, su dise\u00f1o apto para cola de caballo y su banda absorbente para el sudor garantizan un ajuste c\u00f3modo. Los pr\u00e1cticos detalles reflectantes de 360\u00b0 son una ventaja en condiciones de poca luz, mientras que Sunglass Lock\u2122 mantiene las gafas de sol en su lugar.<\/p>\n","protected":false},"excerpt":{"rendered":"<ul>\n<li>Clasificaci\u00f3n solar UPF 50+ (malla no clasificada)<\/li>\n<li>Ala plegable de 2\u00bd&#8221; (6,5 cm)<\/li>\n<li>Tejido VaporLite\u2122 ultraligero<\/li>\n<li>Sunglass Lock\u2122 mantiene las gafas en su lugar<\/li>\n<li>Detalles reflectantes<\/li>\n<li>Apto para cola de caballo<\/li>\n<li>Banda absorbente\/ala inferior para una m\u00e1xima evaporaci\u00f3n.<\/li>\n<li>Tama\u00f1o ajustable y c\u00f3modo el\u00e1stico.<\/li>\n<li>Tejido del cuerpo principal, malla y banda para el sudor bluesign\u00ae<\/li>\n<li>Malla 100% reciclada y tejido del cuerpo principal ripstop.<\/li>\n<li>El dise\u00f1o triturable es ideal para viajar<\/li>\n<li>Peso: 1,3 onzas\/37 gramos<\/li>\n<li>Cuerpo: 100% poli\u00e9ster, sin incluir decoraci\u00f3n<\/li>\n<li>triturable<\/li>\n<li>Lavar a mano con agua fr\u00eda, secar al aire. No usar lej\u00eda, planchar ni limpiar en seco.<\/li>\n<\/ul>\n","protected":false},"featured_media":16625,"template":"","meta":[],"product_cat":[116,94,114],"product_tag":[],"class_list":{"0":"post-12843","1":"product","2":"type-product","3":"status-publish","4":"has-post-thumbnail","6":"product_brand-sunday-afternoons","7":"product_cat-gorras","8":"product_cat-productos","9":"product_cat-sombreros-y-gorras","11":"first","12":"instock","13":"shipping-taxable","14":"purchasable","15":"product-type-variable","16":"has-default-attributes"},"_links":{"self":[{"href":"https:\/\/theoutdoorshubgt.com\/shop\/index.php\/wp-json\/wp\/v2\/product\/12843","targetHints":{"allow":["GET"]}}],"collection":[{"href":"https:\/\/theoutdoorshubgt.com\/shop\/index.php\/wp-json\/wp\/v2\/product"}],"about":[{"href":"https:\/\/theoutdoorshubgt.com\/shop\/index.php\/wp-json\/wp\/v2\/types\/product"}],"wp:featuredmedia":[{"embeddable":true,"href":"https:\/\/theoutdoorshubgt.com\/shop\/index.php\/wp-json\/wp\/v2\/media\/16625"}],"wp:attachment":[{"href":"https:\/\/theoutdoorshubgt.com\/shop\/index.php\/wp-json\/wp\/v2\/media?parent=12843"}],"wp:term":[{"taxonomy":"product_cat","embeddable":true,"href":"https:\/\/theoutdoorshubgt.com\/shop\/index.php\/wp-json\/wp\/v2\/product_cat?post=12843"},{"taxonomy":"product_tag","embeddable":true,"href":"https:\/\/theoutdoorshubgt.com\/shop\/index.php\/wp-json\/wp\/v2\/product_tag?post=12843"}],"curies":[{"name":"wp","href":"https:\/\/api.w.org\/{rel}","templated":true}]}}