{"id":12844,"date":"2024-10-14T22:26:32","date_gmt":"2024-10-15T04:26:32","guid":{"rendered":"https:\/\/theoutdoorshubgt.com\/shop\/?post_type=product&#038;p=12844"},"modified":"2025-01-10T16:23:38","modified_gmt":"2025-01-10T22:23:38","slug":"sa-voyage-hat-opal-l","status":"publish","type":"product","link":"https:\/\/theoutdoorshubgt.com\/shop\/index.php\/product\/sa-voyage-hat-opal-l\/","title":{"rendered":"SUNDAY AFTERNOONS VOYAGE HAT OPAL L"},"content":{"rendered":"<p>Con una corona sencilla de cuatro paneles y un ala ancha y redonda, el sombrero Voyage es tu opci\u00f3n para divertirte bajo el sol. Confeccionada con tela bluesign\u00ae liviana, la ventilaci\u00f3n estrat\u00e9gica de la corona, el tama\u00f1o ajustable y la banda absorbente para el sudor garantizan comodidad y un ajuste excelente. Adem\u00e1s, \u00a1Sunglass Lock ayuda a realizar un seguimiento de esas gafas!<\/p>\n","protected":false},"excerpt":{"rendered":"<ul>\n<li>Clasificaci\u00f3n solar UPF 50+ (malla no clasificada)<\/li>\n<li>Ala de 3,25&#8243; (8,5 cm)<\/li>\n<li>Sunglass Lock mantiene las gafas en su lugar<\/li>\n<li>Ventilaci\u00f3n estrat\u00e9gica de la corona<\/li>\n<li>Barboquejo ajustable<\/li>\n<li>Tama\u00f1o ajustable<\/li>\n<li>Flota en el agua<\/li>\n<li>Banda para el sudor absorbente<\/li>\n<li>Tejido del cuerpo principal, malla y banda para el sudor bluesign\u00ae<\/li>\n<li>Cuerpo: 100% nailon<\/li>\n<li>Se empaqueta de forma plana, no doble ni arrugue el borde.<\/li>\n<li>Lavar a mano con agua fr\u00eda, secar al aire. No usar lej\u00eda, planchar ni limpiar en seco.<\/li>\n<\/ul>\n","protected":false},"featured_media":16637,"template":"","meta":[],"product_cat":[94,117,114],"product_tag":[],"class_list":{"0":"post-12844","1":"product","2":"type-product","3":"status-publish","4":"has-post-thumbnail","6":"product_brand-sunday-afternoons","7":"product_cat-productos","8":"product_cat-sombreros","9":"product_cat-sombreros-y-gorras","11":"first","12":"instock","13":"shipping-taxable","14":"product-type-variable"},"_links":{"self":[{"href":"https:\/\/theoutdoorshubgt.com\/shop\/index.php\/wp-json\/wp\/v2\/product\/12844","targetHints":{"allow":["GET"]}}],"collection":[{"href":"https:\/\/theoutdoorshubgt.com\/shop\/index.php\/wp-json\/wp\/v2\/product"}],"about":[{"href":"https:\/\/theoutdoorshubgt.com\/shop\/index.php\/wp-json\/wp\/v2\/types\/product"}],"wp:featuredmedia":[{"embeddable":true,"href":"https:\/\/theoutdoorshubgt.com\/shop\/index.php\/wp-json\/wp\/v2\/media\/16637"}],"wp:attachment":[{"href":"https:\/\/theoutdoorshubgt.com\/shop\/index.php\/wp-json\/wp\/v2\/media?parent=12844"}],"wp:term":[{"taxonomy":"product_cat","embeddable":true,"href":"https:\/\/theoutdoorshubgt.com\/shop\/index.php\/wp-json\/wp\/v2\/product_cat?post=12844"},{"taxonomy":"product_tag","embeddable":true,"href":"https:\/\/theoutdoorshubgt.com\/shop\/index.php\/wp-json\/wp\/v2\/product_tag?post=12844"}],"curies":[{"name":"wp","href":"https:\/\/api.w.org\/{rel}","templated":true}]}}