{"id":12858,"date":"2024-10-14T22:26:36","date_gmt":"2024-10-15T04:26:36","guid":{"rendered":"https:\/\/theoutdoorshubgt.com\/shop\/index.php\/product\/sa-ventura-hat-tan-l\/"},"modified":"2026-03-04T18:38:48","modified_gmt":"2026-03-05T00:38:48","slug":"sa-ventura-hat-tan-l","status":"publish","type":"product","link":"https:\/\/theoutdoorshubgt.com\/shop\/index.php\/product\/sa-ventura-hat-tan-l\/","title":{"rendered":"SUNDAY AFTERNOONS VENTURA HAT TAN L"},"content":{"rendered":"<p>Un compa\u00f1ero de viaje perfecto, el Ventura es un sombrero de fieltro de tama\u00f1o mediano con toda la protecci\u00f3n solar UPF 50+ que necesitas para mantenerte fresco y a la sombra del sol. Confeccionada con tela de cinta plegable, la banda absorbente bluesign\u00ae y la ventilaci\u00f3n con ojales met\u00e1licos a\u00f1aden comodidad cuando aumentan las temperaturas. Como beneficio adicional, el cord\u00f3n para el cuello se puede guardar en la corona cuando no est\u00e9 en uso.<\/p>\n","protected":false},"excerpt":{"rendered":"<p>Clasificaci\u00f3n solar UPF 50+<br \/>\nSombrero fedora de ala de 2,75&#8243; (7 cm)<br \/>\nVentilaci\u00f3n con ojales met\u00e1licos.<br \/>\nBarboquejo ajustable<br \/>\nTama\u00f1o interno ajustable<br \/>\nBanda para el sudor absorbente<br \/>\nbanda para el sudor bluesign\u00ae<br \/>\nCuerpo: 100% Poli\u00e9ster<br \/>\nSe empaqueta de forma plana, no doble ni arrugue el borde.<br \/>\nLimpieza puntual. No usar lej\u00eda, planchar ni limpiar en seco.<\/p>\n","protected":false},"featured_media":16632,"template":"","meta":[],"product_cat":[94,117,114],"product_tag":[],"class_list":{"0":"post-12858","1":"product","2":"type-product","3":"status-publish","4":"has-post-thumbnail","6":"product_brand-sunday-afternoons","7":"product_cat-productos","8":"product_cat-sombreros","9":"product_cat-sombreros-y-gorras","11":"first","12":"outofstock","13":"shipping-taxable","14":"purchasable","15":"product-type-simple"},"_links":{"self":[{"href":"https:\/\/theoutdoorshubgt.com\/shop\/index.php\/wp-json\/wp\/v2\/product\/12858","targetHints":{"allow":["GET"]}}],"collection":[{"href":"https:\/\/theoutdoorshubgt.com\/shop\/index.php\/wp-json\/wp\/v2\/product"}],"about":[{"href":"https:\/\/theoutdoorshubgt.com\/shop\/index.php\/wp-json\/wp\/v2\/types\/product"}],"wp:featuredmedia":[{"embeddable":true,"href":"https:\/\/theoutdoorshubgt.com\/shop\/index.php\/wp-json\/wp\/v2\/media\/16632"}],"wp:attachment":[{"href":"https:\/\/theoutdoorshubgt.com\/shop\/index.php\/wp-json\/wp\/v2\/media?parent=12858"}],"wp:term":[{"taxonomy":"product_cat","embeddable":true,"href":"https:\/\/theoutdoorshubgt.com\/shop\/index.php\/wp-json\/wp\/v2\/product_cat?post=12858"},{"taxonomy":"product_tag","embeddable":true,"href":"https:\/\/theoutdoorshubgt.com\/shop\/index.php\/wp-json\/wp\/v2\/product_tag?post=12858"}],"curies":[{"name":"wp","href":"https:\/\/api.w.org\/{rel}","templated":true}]}}