{"id":12864,"date":"2024-10-15T10:20:38","date_gmt":"2024-10-15T16:20:38","guid":{"rendered":"https:\/\/theoutdoorshubgt.com\/shop\/?post_type=product&#038;p=12864"},"modified":"2026-02-28T14:48:25","modified_gmt":"2026-02-28T20:48:25","slug":"geckobrands-drawstring-wp-backpack-black-gold","status":"publish","type":"product","link":"https:\/\/theoutdoorshubgt.com\/shop\/index.php\/product\/geckobrands-drawstring-wp-backpack-black-gold\/","title":{"rendered":"GECKOBRANDS DRAWSTRING WP BACKPACK"},"content":{"rendered":"<p>F\u00e1cil de transportar y f\u00e1cil de almacenar, la mochila de cord\u00f3n de 10L impermeable es excelente para sobre la marcha. Este cordero impermeable mantiene su equipo a salvo de las condiciones h\u00famedas, mientras que el compartimento interno con cremallera otorga privacidad para art\u00edculos valiosos.<\/p>\n","protected":false},"excerpt":{"rendered":"<ul>\n<li>Impermeable para actividades de agua ligera que protegen los equipos de lluvia, arena, nieve y agua<\/li>\n<li>Interior 8.0 &#8220;x 7.0&#8221; bolsillo para teclas, billetera, tel\u00e9fono u otros peque\u00f1os objetos de valor<\/li>\n<li>Cables f\u00e1ciles de ajustar y duraderos de 1\/4 &#8220;<\/li>\n<li>Incluye un clip de cofre para mantener los cables sobre los hombros<\/li>\n<li>Disponible en 44 colores<\/li>\n<li>Calificaci\u00f3n de resistencia al agua IPX4<\/li>\n<li>Material (es): 210D\/PU Ripstop (90% de poli\u00e9ster +10% PU)<\/li>\n<\/ul>\n","protected":false},"featured_media":17156,"template":"","meta":[],"product_cat":[154,94,148],"product_tag":[],"class_list":{"0":"post-12864","1":"product","2":"type-product","3":"status-publish","4":"has-post-thumbnail","6":"product_brand-geckobrands","7":"product_cat-backpacks-waterproof","8":"product_cat-productos","9":"product_cat-waterproof","11":"first","12":"instock","13":"shipping-taxable","14":"purchasable","15":"product-type-variable"},"_links":{"self":[{"href":"https:\/\/theoutdoorshubgt.com\/shop\/index.php\/wp-json\/wp\/v2\/product\/12864","targetHints":{"allow":["GET"]}}],"collection":[{"href":"https:\/\/theoutdoorshubgt.com\/shop\/index.php\/wp-json\/wp\/v2\/product"}],"about":[{"href":"https:\/\/theoutdoorshubgt.com\/shop\/index.php\/wp-json\/wp\/v2\/types\/product"}],"wp:featuredmedia":[{"embeddable":true,"href":"https:\/\/theoutdoorshubgt.com\/shop\/index.php\/wp-json\/wp\/v2\/media\/17156"}],"wp:attachment":[{"href":"https:\/\/theoutdoorshubgt.com\/shop\/index.php\/wp-json\/wp\/v2\/media?parent=12864"}],"wp:term":[{"taxonomy":"product_cat","embeddable":true,"href":"https:\/\/theoutdoorshubgt.com\/shop\/index.php\/wp-json\/wp\/v2\/product_cat?post=12864"},{"taxonomy":"product_tag","embeddable":true,"href":"https:\/\/theoutdoorshubgt.com\/shop\/index.php\/wp-json\/wp\/v2\/product_tag?post=12864"}],"curies":[{"name":"wp","href":"https:\/\/api.w.org\/{rel}","templated":true}]}}