{"id":12866,"date":"2024-10-15T10:20:39","date_gmt":"2024-10-15T16:20:39","guid":{"rendered":"https:\/\/theoutdoorshubgt.com\/shop\/?post_type=product&#038;p=12866"},"modified":"2025-02-03T10:59:53","modified_gmt":"2025-02-03T16:59:53","slug":"geckobrands-tarpaulin-dry-bag-60l-grey","status":"publish","type":"product","link":"https:\/\/theoutdoorshubgt.com\/shop\/index.php\/product\/geckobrands-tarpaulin-dry-bag-60l-grey\/","title":{"rendered":"GECKOBRANDS TARPAULIN DRY BAG 60L &#8211; GREY"},"content":{"rendered":"<p>Hecho de material de lona de PVC impermeable, esta bolsa duradera est\u00e1 dise\u00f1ada para soportar las condiciones m\u00e1s h\u00famedas. Use el Carbineer incluido para adjuntarlo a su bicicleta, bote y m\u00e1s para la soluci\u00f3n de bolsa definitiva en sus aventuras.<\/p>\n","protected":false},"excerpt":{"rendered":"<ul>\n<li>Impermeable, protege contra; lluvia, arena y nieve<\/li>\n<li>Soporta sumersiones r\u00e1pidas<\/li>\n<li>Se incluye una correa de transporte ajustable para el uso del hombro (2 correas incluidas con un tama\u00f1o de 60 litros)<\/li>\n<li>Incluye un camionero gratis para asegurar la bolsa en su bote, bicicleta u otro equipo<\/li>\n<li>Clasificaci\u00f3n de resistencia al agua IPX6<\/li>\n<li>Material (s): lona de PVC 250D<\/li>\n<\/ul>\n","protected":false},"featured_media":17220,"template":"","meta":[],"product_cat":[94],"product_tag":[],"class_list":{"0":"post-12866","1":"product","2":"type-product","3":"status-publish","4":"has-post-thumbnail","6":"product_cat-productos","8":"first","9":"instock","10":"shipping-taxable","11":"product-type-variable"},"_links":{"self":[{"href":"https:\/\/theoutdoorshubgt.com\/shop\/index.php\/wp-json\/wp\/v2\/product\/12866","targetHints":{"allow":["GET"]}}],"collection":[{"href":"https:\/\/theoutdoorshubgt.com\/shop\/index.php\/wp-json\/wp\/v2\/product"}],"about":[{"href":"https:\/\/theoutdoorshubgt.com\/shop\/index.php\/wp-json\/wp\/v2\/types\/product"}],"wp:featuredmedia":[{"embeddable":true,"href":"https:\/\/theoutdoorshubgt.com\/shop\/index.php\/wp-json\/wp\/v2\/media\/17220"}],"wp:attachment":[{"href":"https:\/\/theoutdoorshubgt.com\/shop\/index.php\/wp-json\/wp\/v2\/media?parent=12866"}],"wp:term":[{"taxonomy":"product_cat","embeddable":true,"href":"https:\/\/theoutdoorshubgt.com\/shop\/index.php\/wp-json\/wp\/v2\/product_cat?post=12866"},{"taxonomy":"product_tag","embeddable":true,"href":"https:\/\/theoutdoorshubgt.com\/shop\/index.php\/wp-json\/wp\/v2\/product_tag?post=12866"}],"curies":[{"name":"wp","href":"https:\/\/api.w.org\/{rel}","templated":true}]}}