{"id":12875,"date":"2024-10-15T10:20:41","date_gmt":"2024-10-15T16:20:41","guid":{"rendered":"https:\/\/theoutdoorshubgt.com\/shop\/index.php\/product\/geckobrands-hydroner-20l-waterproof-backpack-grey\/"},"modified":"2026-04-26T16:46:21","modified_gmt":"2026-04-26T22:46:21","slug":"geckobrands-hydroner-20l-waterproof-backpack-grey","status":"publish","type":"product","link":"https:\/\/theoutdoorshubgt.com\/shop\/index.php\/product\/geckobrands-hydroner-20l-waterproof-backpack-grey\/","title":{"rendered":"GECKOBRANDS HYDRONER 20L WATERPROOF BACKPACK"},"content":{"rendered":"<p>Una mochila que lo hace todo y le permite hacer lo mismo. Hecho de PVC 250D duradero, la mochila impermeable Hydroner fue dise\u00f1ada para proteger sus pertenencias mientras disfruta de cualquier actividad relacionada con el agua.<\/p>\n","protected":false},"excerpt":{"rendered":"<ul>\n<li>Impermeable para actividades acu\u00e1ticas extremas mientras protege el equipo de la lluvia, la arena, la nieve y el agua<\/li>\n<li>Resisten sumersiones r\u00e1pidas e inmersi\u00f3n<\/li>\n<li>Se adapta a la mayor\u00eda de los tel\u00e9fonos con la mayor\u00eda de los casos de protecci\u00f3n de hasta 7.5 &#8220;H x 4.0&#8221; W x 5.0 &#8220;D<\/li>\n<li>Pocket de cremallera delantero de Mesh de 8.5 &#8220;x 5.0&#8221; con cable de bungee<\/li>\n<li>2 Sectores acolchados de respaldo acolchado<\/li>\n<li>Correas de hombro acolchadas y correa para el pecho<\/li>\n<li>Clasificaci\u00f3n de resistencia al agua IPX6<\/li>\n<li>Material (es): material duradero 500D poli\u00e9ster\/ lona de PVC<\/li>\n<\/ul>\n","protected":false},"featured_media":20242,"template":"","meta":[],"product_cat":[154,94,148],"product_tag":[],"class_list":{"0":"post-12875","1":"product","2":"type-product","3":"status-publish","4":"has-post-thumbnail","6":"product_brand-geckobrands","7":"product_cat-backpacks-waterproof","8":"product_cat-productos","9":"product_cat-waterproof","11":"first","12":"outofstock","13":"shipping-taxable","14":"purchasable","15":"product-type-simple"},"_links":{"self":[{"href":"https:\/\/theoutdoorshubgt.com\/shop\/index.php\/wp-json\/wp\/v2\/product\/12875","targetHints":{"allow":["GET"]}}],"collection":[{"href":"https:\/\/theoutdoorshubgt.com\/shop\/index.php\/wp-json\/wp\/v2\/product"}],"about":[{"href":"https:\/\/theoutdoorshubgt.com\/shop\/index.php\/wp-json\/wp\/v2\/types\/product"}],"wp:featuredmedia":[{"embeddable":true,"href":"https:\/\/theoutdoorshubgt.com\/shop\/index.php\/wp-json\/wp\/v2\/media\/20242"}],"wp:attachment":[{"href":"https:\/\/theoutdoorshubgt.com\/shop\/index.php\/wp-json\/wp\/v2\/media?parent=12875"}],"wp:term":[{"taxonomy":"product_cat","embeddable":true,"href":"https:\/\/theoutdoorshubgt.com\/shop\/index.php\/wp-json\/wp\/v2\/product_cat?post=12875"},{"taxonomy":"product_tag","embeddable":true,"href":"https:\/\/theoutdoorshubgt.com\/shop\/index.php\/wp-json\/wp\/v2\/product_tag?post=12875"}],"curies":[{"name":"wp","href":"https:\/\/api.w.org\/{rel}","templated":true}]}}