{"id":12876,"date":"2024-10-15T10:20:41","date_gmt":"2024-10-15T16:20:41","guid":{"rendered":"https:\/\/theoutdoorshubgt.com\/shop\/index.php\/product\/geckobrands-lightweight-compression-dry-bag-3-pack\/"},"modified":"2026-03-03T12:51:44","modified_gmt":"2026-03-03T18:51:44","slug":"geckobrands-lightweight-compression-dry-bag-3-pack","status":"publish","type":"product","link":"https:\/\/theoutdoorshubgt.com\/shop\/index.php\/product\/geckobrands-lightweight-compression-dry-bag-3-pack\/","title":{"rendered":"GECKOBRANDS LIGHTWEIGHT COMPRESSION DRY BAG 3-PACK"},"content":{"rendered":"<p>Si ha planeado un d\u00eda de caza, pesca o diversi\u00f3n de agua, estas bolsas secas de compresi\u00f3n livianas son un m\u00faltiplo que debe. El material duradero da forma a su silueta simplificada, ofreciendo una amplia capacidad para proteger su equipo. Adem\u00e1s, se derrumba cuando est\u00e1 vac\u00edo para un almacenamiento \u00f3ptimo.<\/p>\n","protected":false},"excerpt":{"rendered":"<ul>\n<li>Tama\u00f1o perfecto para almacenar peque\u00f1os objetos de valor<\/li>\n<li>Bulque el bulto para unirse al bote, la bicicleta u otra bolsa<\/li>\n<li>Calificaci\u00f3n de resistencia al agua IPX4<\/li>\n<li>Material (s): poli\u00e9ster 75d, PU ripstop<\/li>\n<\/ul>\n","protected":false},"featured_media":17186,"template":"","meta":[],"product_cat":[154,94,148],"product_tag":[],"class_list":{"0":"post-12876","1":"product","2":"type-product","3":"status-publish","4":"has-post-thumbnail","6":"product_brand-geckobrands","7":"product_cat-backpacks-waterproof","8":"product_cat-productos","9":"product_cat-waterproof","11":"first","12":"instock","13":"shipping-taxable","14":"purchasable","15":"product-type-simple"},"_links":{"self":[{"href":"https:\/\/theoutdoorshubgt.com\/shop\/index.php\/wp-json\/wp\/v2\/product\/12876","targetHints":{"allow":["GET"]}}],"collection":[{"href":"https:\/\/theoutdoorshubgt.com\/shop\/index.php\/wp-json\/wp\/v2\/product"}],"about":[{"href":"https:\/\/theoutdoorshubgt.com\/shop\/index.php\/wp-json\/wp\/v2\/types\/product"}],"wp:featuredmedia":[{"embeddable":true,"href":"https:\/\/theoutdoorshubgt.com\/shop\/index.php\/wp-json\/wp\/v2\/media\/17186"}],"wp:attachment":[{"href":"https:\/\/theoutdoorshubgt.com\/shop\/index.php\/wp-json\/wp\/v2\/media?parent=12876"}],"wp:term":[{"taxonomy":"product_cat","embeddable":true,"href":"https:\/\/theoutdoorshubgt.com\/shop\/index.php\/wp-json\/wp\/v2\/product_cat?post=12876"},{"taxonomy":"product_tag","embeddable":true,"href":"https:\/\/theoutdoorshubgt.com\/shop\/index.php\/wp-json\/wp\/v2\/product_tag?post=12876"}],"curies":[{"name":"wp","href":"https:\/\/api.w.org\/{rel}","templated":true}]}}