{"id":12878,"date":"2024-10-15T10:20:42","date_gmt":"2024-10-15T16:20:42","guid":{"rendered":"https:\/\/theoutdoorshubgt.com\/shop\/index.php\/product\/geckobrands-phone-tote-dry-bag-tie-dye\/"},"modified":"2026-02-28T14:42:29","modified_gmt":"2026-02-28T20:42:29","slug":"geckobrands-phone-tote-dry-bag-tie-dye","status":"publish","type":"product","link":"https:\/\/theoutdoorshubgt.com\/shop\/index.php\/product\/geckobrands-phone-tote-dry-bag-tie-dye\/","title":{"rendered":"GECKOBRANDS PHONE TOTE DRY BAG &#8211; TIE DYE"},"content":{"rendered":"<p>Mant\u00e9ngase en contacto durante cada aventura con nuestro bolso de tel\u00e9fono impermeable. Con un exterior impermeable, este bolso protege su tel\u00e9fono celular del agua, la lluvia, la arena y la nieve. Su dise\u00f1o patentado para hacer olas le permite hacer llamadas telef\u00f3nicas, tomar fotos y enviar mensajes sin eliminar su dispositivo, garantizar su funci\u00f3n y protecci\u00f3n en cualquier entorno. El compartimento adicional es ideal para almacenar otros objetos de valor como billeteras, llaves y m\u00e1s. \u00daselo como cuerpo cruzado, bolso de cintur\u00f3n o en su hombro.<\/p>\n","protected":false},"excerpt":{"rendered":"<ul>\n<li>2 compartimentos: manga de tel\u00e9fono y 2 litros secos para sus llaves, billetera y otros peque\u00f1os objetos de valor<\/li>\n<li>Contin\u00fae hablando, env\u00ede un mensaje de texto, tome selfies, juegue y navegue por la web con su dispositivo adentro<\/li>\n<li>El compartimento del tel\u00e9fono se adapta al iPhone 12 Pro\/11\/x\/8\/7\/6\/5\/4, iPod y otros dispositivos con la mayor\u00eda de los casos de protecci\u00f3n de hasta 7.0<\/li>\n<li>&#8220;H x 3.5&#8221; W x 0.5 &#8220;D<\/li>\n<li>Incluye 3 opciones de transporte: correa de hombro ajustable, manija y circuito de correa<\/li>\n<li>Material: material de lona de PVC 250D duradero<\/li>\n<\/ul>\n","protected":false},"featured_media":17202,"template":"","meta":[],"product_cat":[152,94,148],"product_tag":[],"class_list":{"0":"post-12878","1":"product","2":"type-product","3":"status-publish","4":"has-post-thumbnail","6":"product_brand-geckobrands","7":"product_cat-estuches-impermeables","8":"product_cat-productos","9":"product_cat-waterproof","11":"first","12":"instock","13":"shipping-taxable","14":"purchasable","15":"product-type-simple"},"_links":{"self":[{"href":"https:\/\/theoutdoorshubgt.com\/shop\/index.php\/wp-json\/wp\/v2\/product\/12878","targetHints":{"allow":["GET"]}}],"collection":[{"href":"https:\/\/theoutdoorshubgt.com\/shop\/index.php\/wp-json\/wp\/v2\/product"}],"about":[{"href":"https:\/\/theoutdoorshubgt.com\/shop\/index.php\/wp-json\/wp\/v2\/types\/product"}],"wp:featuredmedia":[{"embeddable":true,"href":"https:\/\/theoutdoorshubgt.com\/shop\/index.php\/wp-json\/wp\/v2\/media\/17202"}],"wp:attachment":[{"href":"https:\/\/theoutdoorshubgt.com\/shop\/index.php\/wp-json\/wp\/v2\/media?parent=12878"}],"wp:term":[{"taxonomy":"product_cat","embeddable":true,"href":"https:\/\/theoutdoorshubgt.com\/shop\/index.php\/wp-json\/wp\/v2\/product_cat?post=12878"},{"taxonomy":"product_tag","embeddable":true,"href":"https:\/\/theoutdoorshubgt.com\/shop\/index.php\/wp-json\/wp\/v2\/product_tag?post=12878"}],"curies":[{"name":"wp","href":"https:\/\/api.w.org\/{rel}","templated":true}]}}