{"id":12879,"date":"2024-10-15T10:20:42","date_gmt":"2024-10-15T16:20:42","guid":{"rendered":"https:\/\/theoutdoorshubgt.com\/shop\/index.php\/product\/geckobrands-sprint-waist-pack-black-grey\/"},"modified":"2026-02-28T14:42:29","modified_gmt":"2026-02-28T20:42:29","slug":"geckobrands-sprint-waist-pack-black-grey","status":"publish","type":"product","link":"https:\/\/theoutdoorshubgt.com\/shop\/index.php\/product\/geckobrands-sprint-waist-pack-black-grey\/","title":{"rendered":"GECKOBRANDS SPRINT WAIST PACK BLACK\/GREY"},"content":{"rendered":"<p>El paquete de cintura Sprint sirve como almacenamiento de bolsillo adicional, con suficiente capacidad para sus art\u00edculos m\u00e1s peque\u00f1os, adem\u00e1s de un compartimento prescindible para su tel\u00e9fono. Su tama\u00f1o m\u00e1s peque\u00f1o ofrece una sensaci\u00f3n apenas de all\u00ed que nunca te ralentiza, ya sea que est\u00e9s en una carrera o que ejecute recados, \u00a1solo fije la correa ajustable y vaya!<\/p>\n","protected":false},"excerpt":{"rendered":"<ul>\n<li>Resistente y construido para durar pero suave y flexible<\/li>\n<li>Cintur\u00f3n de cadera ajustable de lado dual para una comodidad y ajuste \u00f3ptimos<\/li>\n<li>Bolsillo principal delantero grande para un almacenamiento \u00f3ptimo<\/li>\n<li>Bolsillo delantero de la cremallera<\/li>\n<\/ul>\n","protected":false},"featured_media":17211,"template":"","meta":[],"product_cat":[94],"product_tag":[],"class_list":{"0":"post-12879","1":"product","2":"type-product","3":"status-publish","4":"has-post-thumbnail","6":"product_brand-geckobrands","7":"product_cat-productos","9":"first","10":"instock","11":"shipping-taxable","12":"purchasable","13":"product-type-simple"},"_links":{"self":[{"href":"https:\/\/theoutdoorshubgt.com\/shop\/index.php\/wp-json\/wp\/v2\/product\/12879","targetHints":{"allow":["GET"]}}],"collection":[{"href":"https:\/\/theoutdoorshubgt.com\/shop\/index.php\/wp-json\/wp\/v2\/product"}],"about":[{"href":"https:\/\/theoutdoorshubgt.com\/shop\/index.php\/wp-json\/wp\/v2\/types\/product"}],"wp:featuredmedia":[{"embeddable":true,"href":"https:\/\/theoutdoorshubgt.com\/shop\/index.php\/wp-json\/wp\/v2\/media\/17211"}],"wp:attachment":[{"href":"https:\/\/theoutdoorshubgt.com\/shop\/index.php\/wp-json\/wp\/v2\/media?parent=12879"}],"wp:term":[{"taxonomy":"product_cat","embeddable":true,"href":"https:\/\/theoutdoorshubgt.com\/shop\/index.php\/wp-json\/wp\/v2\/product_cat?post=12879"},{"taxonomy":"product_tag","embeddable":true,"href":"https:\/\/theoutdoorshubgt.com\/shop\/index.php\/wp-json\/wp\/v2\/product_tag?post=12879"}],"curies":[{"name":"wp","href":"https:\/\/api.w.org\/{rel}","templated":true}]}}