{"id":12884,"date":"2024-10-15T10:20:45","date_gmt":"2024-10-15T16:20:45","guid":{"rendered":"https:\/\/theoutdoorshubgt.com\/shop\/index.php\/product\/geckobrands-waterproof-dry-box-large-black\/"},"modified":"2026-04-26T15:31:48","modified_gmt":"2026-04-26T21:31:48","slug":"geckobrands-waterproof-dry-box-large-black","status":"publish","type":"product","link":"https:\/\/theoutdoorshubgt.com\/shop\/index.php\/product\/geckobrands-waterproof-dry-box-large-black\/","title":{"rendered":"GECKOBRANDS WATERPROOF DRY BOX"},"content":{"rendered":"<p>Un pestillo \u00fanico y duradero se abre para revelar un almacenamiento generoso, mientras que un forro de silicona protege sus pertenencias y es perfecto para la electr\u00f3nica y otros elementos esenciales. Su dise\u00f1o simplificado y su construcci\u00f3n a prueba de polvo a prueba de aplastamiento aseguran que la caja seca se ajuste a la perfecci\u00f3n en mochilas o se guarde f\u00e1cilmente. Elija entre 3 tama\u00f1os (mediano, grande y X-Large) o recolecte m\u00faltiples para diversificar sus capacidades de almacenamiento<\/p>\n","protected":false},"excerpt":{"rendered":"<ul>\n<li>Impermeable para actividades acu\u00e1ticas extremas que protegen su equipo de lluvia, arena, nieve y agua<\/li>\n<li>A prueba de agua, a prueba de polvo y a prueba de aplastamiento<\/li>\n<li>Fineo de silicona: no deslizamiento para art\u00edculos en el interior<\/li>\n<li>Tapa de pestillo dual y bucles de bloqueo para mayor seguridad<\/li>\n<li>Medio y grande tiene correa de mu\u00f1eca, XL tiene mango moldeado<\/li>\n<li>Material (s): Vesle ABS, tapa de policarbonato<\/li>\n<\/ul>\n","protected":false},"featured_media":17261,"template":"","meta":[],"product_cat":[151,94,148],"product_tag":[],"class_list":{"0":"post-12884","1":"product","2":"type-product","3":"status-publish","4":"has-post-thumbnail","6":"product_brand-geckobrands","7":"product_cat-dry-box","8":"product_cat-productos","9":"product_cat-waterproof","11":"first","12":"instock","13":"shipping-taxable","14":"purchasable","15":"product-type-variable","16":"has-default-attributes"},"_links":{"self":[{"href":"https:\/\/theoutdoorshubgt.com\/shop\/index.php\/wp-json\/wp\/v2\/product\/12884","targetHints":{"allow":["GET"]}}],"collection":[{"href":"https:\/\/theoutdoorshubgt.com\/shop\/index.php\/wp-json\/wp\/v2\/product"}],"about":[{"href":"https:\/\/theoutdoorshubgt.com\/shop\/index.php\/wp-json\/wp\/v2\/types\/product"}],"wp:featuredmedia":[{"embeddable":true,"href":"https:\/\/theoutdoorshubgt.com\/shop\/index.php\/wp-json\/wp\/v2\/media\/17261"}],"wp:attachment":[{"href":"https:\/\/theoutdoorshubgt.com\/shop\/index.php\/wp-json\/wp\/v2\/media?parent=12884"}],"wp:term":[{"taxonomy":"product_cat","embeddable":true,"href":"https:\/\/theoutdoorshubgt.com\/shop\/index.php\/wp-json\/wp\/v2\/product_cat?post=12884"},{"taxonomy":"product_tag","embeddable":true,"href":"https:\/\/theoutdoorshubgt.com\/shop\/index.php\/wp-json\/wp\/v2\/product_tag?post=12884"}],"curies":[{"name":"wp","href":"https:\/\/api.w.org\/{rel}","templated":true}]}}