{"id":12994,"date":"2024-10-15T11:27:11","date_gmt":"2024-10-15T17:27:11","guid":{"rendered":"https:\/\/theoutdoorshubgt.com\/shop\/?post_type=product&#038;p=12994"},"modified":"2025-07-10T18:23:02","modified_gmt":"2025-07-11T00:23:02","slug":"geckobrands-2-compartment-tote-cooler-americana","status":"publish","type":"product","link":"https:\/\/theoutdoorshubgt.com\/shop\/index.php\/product\/geckobrands-2-compartment-tote-cooler-americana\/","title":{"rendered":"GECKOBRANDS 2 COMPARTMENT TOTE COOLER &#8211; GREY\/NEON"},"content":{"rendered":"<p>Una forma nueva y fresca de llevar su comida y bebidas fr\u00edas. Hecho de poli\u00e9ster duradero de alta calidad, el enfriador de 2 compartimentos se adapta a 40 latas o 24 botellas en los compartimentos aislados a prueba de fugas con espacio adicional para el hielo. El enfriador se divide en dos compartimentos para separar las bebidas para ni\u00f1os de las bebidas para adultos, las bebidas de los alimentos y m\u00e1s.<\/p>\n","protected":false},"excerpt":{"rendered":"<ul>\n<li>Cada compartimento tiene hasta 20 latas o 12 botellas, adem\u00e1s de mucho espacio para el hielo<\/li>\n<li>Aislamiento grueso y a prueba de fugas para mantener hielo m\u00e1s de 12 horas (var\u00eda en uso, cantidad de hielo, temperatura, etc.)<\/li>\n<li>Ideal para organizar art\u00edculos por separado, como alimentos y bebidas, cerveza y vino, bebidas alcoh\u00f3licas y no alcoh\u00f3licas.<\/li>\n<li>Dos bolsillos delanteros son excelentes para sostener botellas, latas, loci\u00f3n, abridores y mucho m\u00e1s<\/li>\n<li>El compartimento de la cremallera trasera grande es perfecto para tener f\u00e1cil acceso a tel\u00e9fonos, llaves, billeteras y otros art\u00edculos<\/li>\n<li>Material: PEVA, poli\u00e9ster recubierto<\/li>\n<li>Advertencia: la cremallera de tela del producto no es impermeable. Para evitar fugas, siempre mantenga el refrigerador en posici\u00f3n vertical y evite colocarlo de lado o al rev\u00e9s.<\/li>\n<\/ul>\n","protected":false},"featured_media":17135,"template":"","meta":[],"product_cat":[94],"product_tag":[],"class_list":{"0":"post-12994","1":"product","2":"type-product","3":"status-publish","4":"has-post-thumbnail","6":"product_brand-geckobrands","7":"product_cat-productos","9":"first","10":"outofstock","11":"shipping-taxable","12":"purchasable","13":"product-type-simple"},"_links":{"self":[{"href":"https:\/\/theoutdoorshubgt.com\/shop\/index.php\/wp-json\/wp\/v2\/product\/12994","targetHints":{"allow":["GET"]}}],"collection":[{"href":"https:\/\/theoutdoorshubgt.com\/shop\/index.php\/wp-json\/wp\/v2\/product"}],"about":[{"href":"https:\/\/theoutdoorshubgt.com\/shop\/index.php\/wp-json\/wp\/v2\/types\/product"}],"wp:featuredmedia":[{"embeddable":true,"href":"https:\/\/theoutdoorshubgt.com\/shop\/index.php\/wp-json\/wp\/v2\/media\/17135"}],"wp:attachment":[{"href":"https:\/\/theoutdoorshubgt.com\/shop\/index.php\/wp-json\/wp\/v2\/media?parent=12994"}],"wp:term":[{"taxonomy":"product_cat","embeddable":true,"href":"https:\/\/theoutdoorshubgt.com\/shop\/index.php\/wp-json\/wp\/v2\/product_cat?post=12994"},{"taxonomy":"product_tag","embeddable":true,"href":"https:\/\/theoutdoorshubgt.com\/shop\/index.php\/wp-json\/wp\/v2\/product_tag?post=12994"}],"curies":[{"name":"wp","href":"https:\/\/api.w.org\/{rel}","templated":true}]}}