{"id":12995,"date":"2024-10-15T11:27:15","date_gmt":"2024-10-15T17:27:15","guid":{"rendered":"https:\/\/theoutdoorshubgt.com\/shop\/?post_type=product&#038;p=12995"},"modified":"2026-01-23T16:30:01","modified_gmt":"2026-01-23T22:30:01","slug":"geckobrands-medium-11-bottle-12-can-cooler-nav","status":"publish","type":"product","link":"https:\/\/theoutdoorshubgt.com\/shop\/index.php\/product\/geckobrands-medium-11-bottle-12-can-cooler-nav\/","title":{"rendered":"GECKOBRANDS MEDIUM 11 BOTTLE \/ 12 CAN COOLER &#8211; NAVY"},"content":{"rendered":"<p>Mantenga fluyendo las vibraciones fr\u00edas incluso cuando est\u00e9 en movimiento. Hecho de material de poli\u00e9ster con recubrimiento premium, la hielera media es duradera para soportar sus actividades al aire libre.<\/p>\n","protected":false},"excerpt":{"rendered":"<ul>\n<li>Se adapta a hasta 12 latas o 11 botellas, adem\u00e1s de mucho espacio para el hielo<\/li>\n<li>El material de poli\u00e9ster recubierto premium y duradero es f\u00e1cil de limpiar y mantendr\u00e1 la apariencia m\u00e1s larga<\/li>\n<li>Aislamiento grueso y a prueba de fugas durante m\u00e1s de 12 horas de hielo (var\u00eda en uso, cantidad de hielo y condiciones)<\/li>\n<li>Enlino duro extra\u00edble para proteger su revestimiento de tela de objetos afilados, proporcionar un aislamiento adicional y limpiar el refrigerador con facilidad<\/li>\n<li>3 bolsillos: 2 bolsillos laterales de neopreno grandes y bolsillo de cremallera delantera grande<\/li>\n<li>Correa de transporte acomodada en neopreno<\/li>\n<li>Revestimiento de PEVA antimicrobiano<\/li>\n<li>Material (s): PEVA, Neopreno, poli\u00e9ster recubierto, PP<\/li>\n<li>Advertencia: la cremallera de tela del producto no es impermeable. Para evitar fugas, siempre mantenga el refrigerador en posici\u00f3n vertical y evite colocarlo de lado o al rev\u00e9s<\/li>\n<\/ul>\n","protected":false},"featured_media":17199,"template":"","meta":[],"product_cat":[158,156,94],"product_tag":[],"class_list":{"0":"post-12995","1":"product","2":"type-product","3":"status-publish","4":"has-post-thumbnail","6":"product_brand-geckobrands","7":"product_cat-hieleras","8":"product_cat-lifestyle","9":"product_cat-productos","11":"first","12":"outofstock","13":"shipping-taxable","14":"purchasable","15":"product-type-simple"},"_links":{"self":[{"href":"https:\/\/theoutdoorshubgt.com\/shop\/index.php\/wp-json\/wp\/v2\/product\/12995","targetHints":{"allow":["GET"]}}],"collection":[{"href":"https:\/\/theoutdoorshubgt.com\/shop\/index.php\/wp-json\/wp\/v2\/product"}],"about":[{"href":"https:\/\/theoutdoorshubgt.com\/shop\/index.php\/wp-json\/wp\/v2\/types\/product"}],"wp:featuredmedia":[{"embeddable":true,"href":"https:\/\/theoutdoorshubgt.com\/shop\/index.php\/wp-json\/wp\/v2\/media\/17199"}],"wp:attachment":[{"href":"https:\/\/theoutdoorshubgt.com\/shop\/index.php\/wp-json\/wp\/v2\/media?parent=12995"}],"wp:term":[{"taxonomy":"product_cat","embeddable":true,"href":"https:\/\/theoutdoorshubgt.com\/shop\/index.php\/wp-json\/wp\/v2\/product_cat?post=12995"},{"taxonomy":"product_tag","embeddable":true,"href":"https:\/\/theoutdoorshubgt.com\/shop\/index.php\/wp-json\/wp\/v2\/product_tag?post=12995"}],"curies":[{"name":"wp","href":"https:\/\/api.w.org\/{rel}","templated":true}]}}