{"id":13033,"date":"2024-10-15T11:28:35","date_gmt":"2024-10-15T17:28:35","guid":{"rendered":"https:\/\/theoutdoorshubgt.com\/shop\/index.php\/product\/yeti-yeti-ice-1lb-2c\/"},"modified":"2026-03-04T15:15:07","modified_gmt":"2026-03-04T21:15:07","slug":"yeti-yeti-ice-1lb-2c","status":"publish","type":"product","link":"https:\/\/theoutdoorshubgt.com\/shop\/index.php\/product\/yeti-yeti-ice-1lb-2c\/","title":{"rendered":"YETI YETI ICE 1LB -2C"},"content":{"rendered":"<p>Cient\u00edficamente dise\u00f1ado para ayudar a que el hielo tradicional se mantenga congelado durante m\u00e1s tiempo.<\/p>\n","protected":false},"excerpt":{"rendered":"<p>Cient\u00edficamente dise\u00f1ado para ayudar a que el hielo tradicional se mantenga congelado durante m\u00e1s tiempo.<\/p>\n","protected":false},"featured_media":14831,"template":"","meta":[],"product_cat":[223,169,94,170,91],"product_tag":[],"class_list":{"0":"post-13033","1":"product","2":"type-product","3":"status-publish","4":"has-post-thumbnail","6":"product_brand-yeti","7":"product_cat-accesorios-y-tapaderas","8":"product_cat-hard-coolers","9":"product_cat-productos","10":"product_cat-soft-coolers","11":"product_cat-yeti","13":"first","14":"instock","15":"shipping-taxable","16":"purchasable","17":"product-type-simple"},"_links":{"self":[{"href":"https:\/\/theoutdoorshubgt.com\/shop\/index.php\/wp-json\/wp\/v2\/product\/13033","targetHints":{"allow":["GET"]}}],"collection":[{"href":"https:\/\/theoutdoorshubgt.com\/shop\/index.php\/wp-json\/wp\/v2\/product"}],"about":[{"href":"https:\/\/theoutdoorshubgt.com\/shop\/index.php\/wp-json\/wp\/v2\/types\/product"}],"wp:featuredmedia":[{"embeddable":true,"href":"https:\/\/theoutdoorshubgt.com\/shop\/index.php\/wp-json\/wp\/v2\/media\/14831"}],"wp:attachment":[{"href":"https:\/\/theoutdoorshubgt.com\/shop\/index.php\/wp-json\/wp\/v2\/media?parent=13033"}],"wp:term":[{"taxonomy":"product_cat","embeddable":true,"href":"https:\/\/theoutdoorshubgt.com\/shop\/index.php\/wp-json\/wp\/v2\/product_cat?post=13033"},{"taxonomy":"product_tag","embeddable":true,"href":"https:\/\/theoutdoorshubgt.com\/shop\/index.php\/wp-json\/wp\/v2\/product_tag?post=13033"}],"curies":[{"name":"wp","href":"https:\/\/api.w.org\/{rel}","templated":true}]}}