{"id":13035,"date":"2024-10-15T12:18:42","date_gmt":"2024-10-15T18:18:42","guid":{"rendered":"https:\/\/theoutdoorshubgt.com\/shop\/?post_type=product&#038;p=13035"},"modified":"2024-12-12T17:12:11","modified_gmt":"2024-12-12T23:12:11","slug":"sa-uvshield-cool-gloves-fingerless-black-l-xl","status":"publish","type":"product","link":"https:\/\/theoutdoorshubgt.com\/shop\/index.php\/product\/sa-uvshield-cool-gloves-fingerless-black-l-xl\/","title":{"rendered":"SUNDAY AFTERNOONS UVSHIELD COOL GLOVES FINGERLESS"},"content":{"rendered":"<p>Protecci\u00f3n solar total con comodidad y estilo: eso es lo que distingue a nuestra l\u00ednea UVShield. Los guantes UVShield Cool ofrecen protecci\u00f3n solar UPF 50+ con una impresi\u00f3n antideslizante en la palma. Estos guantes sin dedos se estiran para adaptarse y est\u00e1n confeccionados con tejido Coolcore\u00ae libre de qu\u00edmicos para que usted se mantenga c\u00f3modo y protegido de forma natural. Las telas que absorben la humedad y son f\u00e1ciles de lavar y usar ahora vienen en una variedad de colores.<\/p>\n","protected":false},"excerpt":{"rendered":"<p>Protecci\u00f3n solar total con comodidad y estilo: eso es lo que distingue a nuestra l\u00ednea UVShield. Los guantes UVShield Cool ofrecen protecci\u00f3n solar UPF 50+ con una impresi\u00f3n antideslizante en la palma. Estos guantes sin dedos se estiran para adaptarse y est\u00e1n confeccionados con tejido Coolcore\u00ae libre de qu\u00edmicos para que usted se mantenga c\u00f3modo y protegido de forma natural. Las telas que absorben la humedad y son f\u00e1ciles de lavar y usar ahora vienen en una variedad de colores.<\/p>\n","protected":false},"featured_media":13737,"template":"","meta":[],"product_cat":[179,180,104,110,94,72,73],"product_tag":[],"class_list":{"0":"post-13035","1":"product","2":"type-product","3":"status-publish","4":"has-post-thumbnail","6":"product_brand-sunday-afternoons","7":"product_cat-articulos-y-ropa-para-frio","8":"product_cat-guantes","9":"product_cat-mangas-y-guantes","10":"product_cat-mangas-y-guantes-ropa-tecnica-para-mujer","11":"product_cat-productos","12":"product_cat-ropa-tecnica-para-hombre","13":"product_cat-ropa-tecnica-para-mujer","15":"first","16":"instock","17":"shipping-taxable","18":"purchasable","19":"product-type-variable"},"_links":{"self":[{"href":"https:\/\/theoutdoorshubgt.com\/shop\/index.php\/wp-json\/wp\/v2\/product\/13035","targetHints":{"allow":["GET"]}}],"collection":[{"href":"https:\/\/theoutdoorshubgt.com\/shop\/index.php\/wp-json\/wp\/v2\/product"}],"about":[{"href":"https:\/\/theoutdoorshubgt.com\/shop\/index.php\/wp-json\/wp\/v2\/types\/product"}],"wp:featuredmedia":[{"embeddable":true,"href":"https:\/\/theoutdoorshubgt.com\/shop\/index.php\/wp-json\/wp\/v2\/media\/13737"}],"wp:attachment":[{"href":"https:\/\/theoutdoorshubgt.com\/shop\/index.php\/wp-json\/wp\/v2\/media?parent=13035"}],"wp:term":[{"taxonomy":"product_cat","embeddable":true,"href":"https:\/\/theoutdoorshubgt.com\/shop\/index.php\/wp-json\/wp\/v2\/product_cat?post=13035"},{"taxonomy":"product_tag","embeddable":true,"href":"https:\/\/theoutdoorshubgt.com\/shop\/index.php\/wp-json\/wp\/v2\/product_tag?post=13035"}],"curies":[{"name":"wp","href":"https:\/\/api.w.org\/{rel}","templated":true}]}}