{"id":13036,"date":"2024-10-15T12:18:43","date_gmt":"2024-10-15T18:18:43","guid":{"rendered":"https:\/\/theoutdoorshubgt.com\/shop\/?post_type=product&#038;p=13036"},"modified":"2026-03-04T18:37:53","modified_gmt":"2026-03-05T00:37:53","slug":"sa-uvshield-cool-sleeves-black-l-xl","status":"publish","type":"product","link":"https:\/\/theoutdoorshubgt.com\/shop\/index.php\/product\/sa-uvshield-cool-sleeves-black-l-xl\/","title":{"rendered":"SUNDAY AFTERNOONS UVSHIELD COOL SLEEVES"},"content":{"rendered":"<p>No dejes que el sol te impida divertirte mucho al aire libre. Utilizando la tecnolog\u00eda Coolcore\u00ae libre de qu\u00edmicos, estas mangas UVShield Cool respiran y se absorben naturalmente para regular el enfriamiento por evaporaci\u00f3n. El ajuste el\u00e1stico los hace perfectos para actividades rigurosas: ciclismo de monta\u00f1a, correr, andar en kayak e incluso trabajar en el jard\u00edn. Las telas f\u00e1ciles de lavar y usar ahora vienen en una variedad de colores. Vendido como un par.<\/p>\n","protected":false},"excerpt":{"rendered":"<p>No dejes que el sol te impida divertirte mucho al aire libre. Utilizando la tecnolog\u00eda Coolcore\u00ae libre de qu\u00edmicos, estas mangas UVShield Cool respiran y se absorben naturalmente para regular el enfriamiento por evaporaci\u00f3n. El ajuste el\u00e1stico los hace perfectos para actividades rigurosas: ciclismo de monta\u00f1a, correr, andar en kayak e incluso trabajar en el jard\u00edn. Las telas f\u00e1ciles de lavar y usar ahora vienen en una variedad de colores. Vendido como un par.<\/p>\n","protected":false},"featured_media":13741,"template":"","meta":[],"product_cat":[179,104,110,94,72,73],"product_tag":[],"class_list":{"0":"post-13036","1":"product","2":"type-product","3":"status-publish","4":"has-post-thumbnail","6":"product_brand-sunday-afternoons","7":"product_cat-articulos-y-ropa-para-frio","8":"product_cat-mangas-y-guantes","9":"product_cat-mangas-y-guantes-ropa-tecnica-para-mujer","10":"product_cat-productos","11":"product_cat-ropa-tecnica-para-hombre","12":"product_cat-ropa-tecnica-para-mujer","14":"first","15":"instock","16":"shipping-taxable","17":"product-type-variable"},"_links":{"self":[{"href":"https:\/\/theoutdoorshubgt.com\/shop\/index.php\/wp-json\/wp\/v2\/product\/13036","targetHints":{"allow":["GET"]}}],"collection":[{"href":"https:\/\/theoutdoorshubgt.com\/shop\/index.php\/wp-json\/wp\/v2\/product"}],"about":[{"href":"https:\/\/theoutdoorshubgt.com\/shop\/index.php\/wp-json\/wp\/v2\/types\/product"}],"wp:featuredmedia":[{"embeddable":true,"href":"https:\/\/theoutdoorshubgt.com\/shop\/index.php\/wp-json\/wp\/v2\/media\/13741"}],"wp:attachment":[{"href":"https:\/\/theoutdoorshubgt.com\/shop\/index.php\/wp-json\/wp\/v2\/media?parent=13036"}],"wp:term":[{"taxonomy":"product_cat","embeddable":true,"href":"https:\/\/theoutdoorshubgt.com\/shop\/index.php\/wp-json\/wp\/v2\/product_cat?post=13036"},{"taxonomy":"product_tag","embeddable":true,"href":"https:\/\/theoutdoorshubgt.com\/shop\/index.php\/wp-json\/wp\/v2\/product_tag?post=13036"}],"curies":[{"name":"wp","href":"https:\/\/api.w.org\/{rel}","templated":true}]}}