{"id":13056,"date":"2024-10-15T13:00:46","date_gmt":"2024-10-15T19:00:46","guid":{"rendered":"https:\/\/theoutdoorshubgt.com\/shop\/?post_type=product&#038;p=13056"},"modified":"2026-04-26T15:21:14","modified_gmt":"2026-04-26T21:21:14","slug":"rainleaf-toalla-de-microfibra-l-24x48","status":"publish","type":"product","link":"https:\/\/theoutdoorshubgt.com\/shop\/index.php\/product\/rainleaf-toalla-de-microfibra-l-24x48\/","title":{"rendered":"RAINLEAF TOALLA DE MICROFIBRA"},"content":{"rendered":"","protected":false},"excerpt":{"rendered":"<ul class=\"a-unordered-list a-vertical a-spacing-mini\">\n<li class=\"a-spacing-mini\"><span class=\"a-list-item\">S\u00faper absorbente: absorbe el agua 5 veces su propio peso. SECADO R\u00c1PIDO &#8211; Se seca en poco tiempo colg\u00e1ndolo con el lazo a presi\u00f3n.<\/span><\/li>\n<li class=\"a-spacing-mini\"><span class=\"a-list-item\">Ultra compacto y ligero: f\u00e1cil de empacar, minimizando el espacio y el peso del equipaje. Bolsa de transporte: reutilizable, con orificios de ventilaci\u00f3n.<\/span><\/li>\n<li class=\"a-spacing-mini\"><span class=\"a-list-item\">RESPETUOSA CON LA PIEL &#8211; Sensaci\u00f3n extraordinariamente suave como ante en tu piel y cara. Tambi\u00e9n se puede utilizar como una manta para mantener el calor. Bolsillo: la toalla de 40 x 72 pulgadas tiene un bolsillo con cremallera en la esquina.<\/span><\/li>\n<li class=\"a-spacing-mini\"><span class=\"a-list-item\">Disponible en 6 tama\u00f1os y 18 colores vivos. Puedes elegir diferentes tama\u00f1os y colores de acuerdo a las diversas necesidades de los miembros de la familia.<\/span><\/li>\n<li class=\"a-spacing-mini\"><span class=\"a-list-item\">Esta toalla de microfibra Rainleaf tambi\u00e9n es lavable a m\u00e1quina, resistente a la arena, transpirable y duradera. Ideal para viajes, senderismo, nataci\u00f3n, ba\u00f1o, deportes, yoga.<\/span><\/li>\n<\/ul>\n","protected":false},"featured_media":20191,"template":"","meta":[],"product_cat":[94],"product_tag":[],"class_list":{"0":"post-13056","1":"product","2":"type-product","3":"status-publish","4":"has-post-thumbnail","6":"product_cat-productos","8":"first","9":"instock","10":"shipping-taxable","11":"product-type-variable"},"_links":{"self":[{"href":"https:\/\/theoutdoorshubgt.com\/shop\/index.php\/wp-json\/wp\/v2\/product\/13056","targetHints":{"allow":["GET"]}}],"collection":[{"href":"https:\/\/theoutdoorshubgt.com\/shop\/index.php\/wp-json\/wp\/v2\/product"}],"about":[{"href":"https:\/\/theoutdoorshubgt.com\/shop\/index.php\/wp-json\/wp\/v2\/types\/product"}],"wp:featuredmedia":[{"embeddable":true,"href":"https:\/\/theoutdoorshubgt.com\/shop\/index.php\/wp-json\/wp\/v2\/media\/20191"}],"wp:attachment":[{"href":"https:\/\/theoutdoorshubgt.com\/shop\/index.php\/wp-json\/wp\/v2\/media?parent=13056"}],"wp:term":[{"taxonomy":"product_cat","embeddable":true,"href":"https:\/\/theoutdoorshubgt.com\/shop\/index.php\/wp-json\/wp\/v2\/product_cat?post=13056"},{"taxonomy":"product_tag","embeddable":true,"href":"https:\/\/theoutdoorshubgt.com\/shop\/index.php\/wp-json\/wp\/v2\/product_tag?post=13056"}],"curies":[{"name":"wp","href":"https:\/\/api.w.org\/{rel}","templated":true}]}}