{"id":13121,"date":"2024-10-15T13:39:57","date_gmt":"2024-10-15T19:39:57","guid":{"rendered":"https:\/\/theoutdoorshubgt.com\/shop\/?post_type=product&#038;p=13121"},"modified":"2026-04-02T13:56:56","modified_gmt":"2026-04-02T19:56:56","slug":"buff-bandana-buff-uv-akim-cobalt","status":"publish","type":"product","link":"https:\/\/theoutdoorshubgt.com\/shop\/index.php\/product\/buff-bandana-buff-uv-akim-cobalt\/","title":{"rendered":"BUFF BANDANA BUFF UV+"},"content":{"rendered":"<p>Braga de cuello multifuncional y ligera, fabricada a partir de botellas de pl\u00e1stico recicladas, con un nivel de protecci\u00f3n solar UPF 50 y dise\u00f1ada para ayudar a mantener el frescor. Correr, saltar, caminar, pescar, remar, ir de acampada&#8230; \u00bfcu\u00e1l es tu actividad favorita para el verano? La lleves como la lleves, sentir\u00e1s frescura y protecci\u00f3n del sol en cualquier salida veraniega.<\/p>\n","protected":false},"excerpt":{"rendered":"<p>Braga de cuello multifuncional y ligera, fabricada a partir de botellas de pl\u00e1stico recicladas, con un nivel de protecci\u00f3n solar UPF 50 y dise\u00f1ada para ayudar a mantener el frescor. Correr, saltar, caminar, pescar, remar, ir de acampada&#8230; \u00bfcu\u00e1l es tu actividad favorita para el verano? La lleves como la lleves, sentir\u00e1s frescura y protecci\u00f3n del sol en cualquier salida veraniega.<\/p>\n","protected":false},"featured_media":13502,"template":"","meta":[],"product_cat":[105,111,94,72,73],"product_tag":[],"class_list":{"0":"post-13121","1":"product","2":"type-product","3":"status-publish","4":"has-post-thumbnail","6":"product_brand-buff","7":"product_cat-buff","8":"product_cat-buff-ropa-tecnica-para-mujer","9":"product_cat-productos","10":"product_cat-ropa-tecnica-para-hombre","11":"product_cat-ropa-tecnica-para-mujer","13":"first","14":"outofstock","15":"shipping-taxable","16":"purchasable","17":"product-type-variable"},"_links":{"self":[{"href":"https:\/\/theoutdoorshubgt.com\/shop\/index.php\/wp-json\/wp\/v2\/product\/13121","targetHints":{"allow":["GET"]}}],"collection":[{"href":"https:\/\/theoutdoorshubgt.com\/shop\/index.php\/wp-json\/wp\/v2\/product"}],"about":[{"href":"https:\/\/theoutdoorshubgt.com\/shop\/index.php\/wp-json\/wp\/v2\/types\/product"}],"wp:featuredmedia":[{"embeddable":true,"href":"https:\/\/theoutdoorshubgt.com\/shop\/index.php\/wp-json\/wp\/v2\/media\/13502"}],"wp:attachment":[{"href":"https:\/\/theoutdoorshubgt.com\/shop\/index.php\/wp-json\/wp\/v2\/media?parent=13121"}],"wp:term":[{"taxonomy":"product_cat","embeddable":true,"href":"https:\/\/theoutdoorshubgt.com\/shop\/index.php\/wp-json\/wp\/v2\/product_cat?post=13121"},{"taxonomy":"product_tag","embeddable":true,"href":"https:\/\/theoutdoorshubgt.com\/shop\/index.php\/wp-json\/wp\/v2\/product_tag?post=13121"}],"curies":[{"name":"wp","href":"https:\/\/api.w.org\/{rel}","templated":true}]}}