{"id":13182,"date":"2024-10-15T14:16:50","date_gmt":"2024-10-15T20:16:50","guid":{"rendered":"https:\/\/theoutdoorshubgt.com\/shop\/index.php\/product\/geckobrands-waterproof-large-phone-dry-bag-green\/"},"modified":"2025-07-10T18:03:16","modified_gmt":"2025-07-11T00:03:16","slug":"geckobrands-waterproof-large-phone-dry-bag-green","status":"publish","type":"product","link":"https:\/\/theoutdoorshubgt.com\/shop\/index.php\/product\/geckobrands-waterproof-large-phone-dry-bag-green\/","title":{"rendered":"GECKOBRANDS WATERPROOF LARGE PHONE DRY BAG &#8211; GREEN"},"content":{"rendered":"<p>Ya no se preocupe por dejar caer su tel\u00e9fono en el lago o el oc\u00e9ano con la gran bolsa seca del tel\u00e9fono. Se ajusta a casi todos los tel\u00e9fonos junto con su estuche de protecci\u00f3n y contin\u00faa us\u00e1ndole completamente cuando est\u00e1 protegido por dentro.<\/p>\n","protected":false},"excerpt":{"rendered":"<ul>\n<li>Impermeable para actividades de agua extrema que protegen el equipo de la lluvia, la arena, la nieve y el agua<\/li>\n<li>Sumergible<\/li>\n<li>Cord\u00f3n incluido<\/li>\n<li>Resistencia de 10 metros de profundidad durante 1 hora<\/li>\n<li>Disponible en 6 colores<\/li>\n<li>Clasificaci\u00f3n de resistencia al agua IPX8<\/li>\n<\/ul>\n","protected":false},"featured_media":17272,"template":"","meta":[],"product_cat":[149,94,148],"product_tag":[],"class_list":{"0":"post-13182","1":"product","2":"type-product","3":"status-publish","4":"has-post-thumbnail","6":"product_brand-geckobrands","7":"product_cat-dry-bags","8":"product_cat-productos","9":"product_cat-waterproof","11":"first","12":"outofstock","13":"shipping-taxable","14":"purchasable","15":"product-type-simple"},"_links":{"self":[{"href":"https:\/\/theoutdoorshubgt.com\/shop\/index.php\/wp-json\/wp\/v2\/product\/13182","targetHints":{"allow":["GET"]}}],"collection":[{"href":"https:\/\/theoutdoorshubgt.com\/shop\/index.php\/wp-json\/wp\/v2\/product"}],"about":[{"href":"https:\/\/theoutdoorshubgt.com\/shop\/index.php\/wp-json\/wp\/v2\/types\/product"}],"wp:featuredmedia":[{"embeddable":true,"href":"https:\/\/theoutdoorshubgt.com\/shop\/index.php\/wp-json\/wp\/v2\/media\/17272"}],"wp:attachment":[{"href":"https:\/\/theoutdoorshubgt.com\/shop\/index.php\/wp-json\/wp\/v2\/media?parent=13182"}],"wp:term":[{"taxonomy":"product_cat","embeddable":true,"href":"https:\/\/theoutdoorshubgt.com\/shop\/index.php\/wp-json\/wp\/v2\/product_cat?post=13182"},{"taxonomy":"product_tag","embeddable":true,"href":"https:\/\/theoutdoorshubgt.com\/shop\/index.php\/wp-json\/wp\/v2\/product_tag?post=13182"}],"curies":[{"name":"wp","href":"https:\/\/api.w.org\/{rel}","templated":true}]}}