{"id":13288,"date":"2024-10-15T17:18:21","date_gmt":"2024-10-15T23:18:21","guid":{"rendered":"https:\/\/theoutdoorshubgt.com\/shop\/index.php\/product\/geckobrands-waterproof-playing-cards-blue-water\/"},"modified":"2026-04-10T17:35:12","modified_gmt":"2026-04-10T23:35:12","slug":"geckobrands-waterproof-playing-cards-blue-water","status":"publish","type":"product","link":"https:\/\/theoutdoorshubgt.com\/shop\/index.php\/product\/geckobrands-waterproof-playing-cards-blue-water\/","title":{"rendered":"GECKOBRANDS WATERPROOF PLAYING CARDS BLUE WATER"},"content":{"rendered":"<p>Esta plataforma est\u00e1ndar de cartas impermeables es duradera, flexible y lavable, lo que los convierte en el complemento perfecto para su d\u00eda de playa, viaje de campamento o fiesta en la piscina. Despu\u00e9s de haber ganado, mant\u00e9ngalos en el estuche de almacenamiento para su pr\u00f3xima ronda.<\/p>\n","protected":false},"excerpt":{"rendered":"<ul>\n<li>Est\u00e1ndar 52 cartas de juego de juego m\u00e1s 2 Jokers<\/li>\n<li>Incluye una caja de almacenamiento de pl\u00e1stico duro<\/li>\n<\/ul>\n","protected":false},"featured_media":17279,"template":"","meta":[],"product_cat":[94,148],"product_tag":[],"class_list":{"0":"post-13288","1":"product","2":"type-product","3":"status-publish","4":"has-post-thumbnail","6":"product_brand-geckobrands","7":"product_cat-productos","8":"product_cat-waterproof","10":"first","11":"instock","12":"shipping-taxable","13":"purchasable","14":"product-type-simple"},"_links":{"self":[{"href":"https:\/\/theoutdoorshubgt.com\/shop\/index.php\/wp-json\/wp\/v2\/product\/13288","targetHints":{"allow":["GET"]}}],"collection":[{"href":"https:\/\/theoutdoorshubgt.com\/shop\/index.php\/wp-json\/wp\/v2\/product"}],"about":[{"href":"https:\/\/theoutdoorshubgt.com\/shop\/index.php\/wp-json\/wp\/v2\/types\/product"}],"wp:featuredmedia":[{"embeddable":true,"href":"https:\/\/theoutdoorshubgt.com\/shop\/index.php\/wp-json\/wp\/v2\/media\/17279"}],"wp:attachment":[{"href":"https:\/\/theoutdoorshubgt.com\/shop\/index.php\/wp-json\/wp\/v2\/media?parent=13288"}],"wp:term":[{"taxonomy":"product_cat","embeddable":true,"href":"https:\/\/theoutdoorshubgt.com\/shop\/index.php\/wp-json\/wp\/v2\/product_cat?post=13288"},{"taxonomy":"product_tag","embeddable":true,"href":"https:\/\/theoutdoorshubgt.com\/shop\/index.php\/wp-json\/wp\/v2\/product_tag?post=13288"}],"curies":[{"name":"wp","href":"https:\/\/api.w.org\/{rel}","templated":true}]}}