{"id":13293,"date":"2024-10-15T17:18:31","date_gmt":"2024-10-15T23:18:31","guid":{"rendered":"https:\/\/theoutdoorshubgt.com\/shop\/index.php\/product\/luminaid-solar-beam-with-phone-charger\/"},"modified":"2025-02-04T10:07:04","modified_gmt":"2025-02-04T16:07:04","slug":"luminaid-solar-beam-with-phone-charger","status":"publish","type":"product","link":"https:\/\/theoutdoorshubgt.com\/shop\/index.php\/product\/luminaid-solar-beam-with-phone-charger\/","title":{"rendered":"LUMINAID SOLAR BEAM WITH PHONE CHARGER"},"content":{"rendered":"<p>\u00a1La nueva incorporaci\u00f3n a la familia Luminaid est\u00e1 fuera de este mundo!\u00a0 El rayo solar es una linterna de tubo inflable ligera y un cargador de tel\u00e9fono que empaca, carga su tel\u00e9fono e incluso tiene un modo de luz roja para la visi\u00f3n nocturna.\u00a0 \u00a1Ilumina tu tienda como nunca antes!\u00a0 Diversi\u00f3n para acampar de autom\u00f3viles, senderismo, mochilero, pijamadas y m\u00e1s.<\/p>\n<p>Asegure a trav\u00e9s de imanes incluidos, corbatas o bucles.\u00a0 La luz del tubo proporciona 200 l\u00famenes de luz LED brillante en modo turbo y puede funcionar durante hasta 50 horas en modo bajo. Se recarga a trav\u00e9s de energ\u00eda solar o entrada USB-C, y puede cargar su tel\u00e9fono con la bater\u00eda incorporada de 2000 mAh y el puerto de salida USB-A.<\/p>\n","protected":false},"excerpt":{"rendered":"<p>Configuraci\u00f3n y tiempos de ejecuci\u00f3n:<br \/>\nTurbo &#8211; 200 l\u00famenes: 3-5 horas<br \/>\nAlto &#8211; 100 l\u00famenes: 6-8 horas<br \/>\nMedio &#8211; 50 l\u00famenes: 12-16 horas<br \/>\nBajo &#8211; 15 l\u00famenes: 44-50 horas<br \/>\nParpadeo &#8211; L\u00famenes NA: 60-70 horas<\/p>\n<p>Luces de indicador:<br \/>\n1 x Indicador de carga roja<br \/>\n4 x 25% -100% de luces indicadoras de carga de bater\u00eda verde<br \/>\nUSB y energ\u00eda solar:<br \/>\nrecarga en 16-20 horas de luz solar directa o 2-4 horas a trav\u00e9s de USB.<\/p>\n<p>Carga del tel\u00e9fono:<br \/>\nEl puerto de salida DC 5V\/2 amperios proporciona 100-200% de carga de bater\u00eda para la mayor\u00eda de los tel\u00e9fonos inteligentes (los tiempos de recarga var\u00edan seg\u00fan el tipo de tel\u00e9fono) 100% libre de PVC, sin plomo y ROHS compatible con ROHS.<\/p>\n<p>Incluye un modo de luz roja: este modo solo se ilumina debajo del panel de control y no toda la longitud del haz solar.<\/p>\n","protected":false},"featured_media":17294,"template":"","meta":[],"product_cat":[143,365,366,94],"product_tag":[],"class_list":{"0":"post-13293","1":"product","2":"type-product","3":"status-publish","4":"has-post-thumbnail","6":"product_brand-luminaid","7":"product_cat-iluminacion","8":"product_cat-lamparas-solares","9":"product_cat-powerbank","10":"product_cat-productos","12":"first","13":"instock","14":"shipping-taxable","15":"purchasable","16":"product-type-simple"},"_links":{"self":[{"href":"https:\/\/theoutdoorshubgt.com\/shop\/index.php\/wp-json\/wp\/v2\/product\/13293","targetHints":{"allow":["GET"]}}],"collection":[{"href":"https:\/\/theoutdoorshubgt.com\/shop\/index.php\/wp-json\/wp\/v2\/product"}],"about":[{"href":"https:\/\/theoutdoorshubgt.com\/shop\/index.php\/wp-json\/wp\/v2\/types\/product"}],"wp:featuredmedia":[{"embeddable":true,"href":"https:\/\/theoutdoorshubgt.com\/shop\/index.php\/wp-json\/wp\/v2\/media\/17294"}],"wp:attachment":[{"href":"https:\/\/theoutdoorshubgt.com\/shop\/index.php\/wp-json\/wp\/v2\/media?parent=13293"}],"wp:term":[{"taxonomy":"product_cat","embeddable":true,"href":"https:\/\/theoutdoorshubgt.com\/shop\/index.php\/wp-json\/wp\/v2\/product_cat?post=13293"},{"taxonomy":"product_tag","embeddable":true,"href":"https:\/\/theoutdoorshubgt.com\/shop\/index.php\/wp-json\/wp\/v2\/product_tag?post=13293"}],"curies":[{"name":"wp","href":"https:\/\/api.w.org\/{rel}","templated":true}]}}