{"id":14959,"date":"2024-11-06T23:50:11","date_gmt":"2024-11-07T05:50:11","guid":{"rendered":"https:\/\/theoutdoorshubgt.com\/shop\/?post_type=product&#038;p=14959"},"modified":"2026-01-22T14:54:48","modified_gmt":"2026-01-22T20:54:48","slug":"kuhl-engineered-ls-cloud-gray","status":"publish","type":"product","link":"https:\/\/theoutdoorshubgt.com\/shop\/index.php\/product\/kuhl-engineered-ls-cloud-gray\/","title":{"rendered":"KUHL ENGINEERED LS CLOUD GRAY"},"content":{"rendered":"<p>La camiseta de manga larga K\u00dcHL ENGINEERED\u2122 no solo ha sido dise\u00f1ada, \u00a1sino que ha sido dise\u00f1ada! El control superior de la humedad y la resistencia a los olores combinados con paneles de punto abierto transpirables estrat\u00e9gicamente ubicados le permiten mantenerse fresco y seguro durante todo el d\u00eda. Con protecci\u00f3n UV, esta manga larga liviana tiene todas las casillas marcadas.<\/p>\n","protected":false},"excerpt":{"rendered":"<ul>\n<li>Absorbe la humedad<\/li>\n<li>Resistente a los olores<\/li>\n<li>Respirable<\/li>\n<li>Ligero<\/li>\n<li>Paneles UPF 30+ colocados donde el sol golpea con m\u00e1s fuerza<\/li>\n<li>Paneles de punto abiertos transpirables UPF 20+ en zonas de gran sudoraci\u00f3n.<\/li>\n<\/ul>\n","protected":false},"featured_media":14962,"template":"","meta":[],"product_cat":[99,94,72],"product_tag":[],"class_list":{"0":"post-14959","1":"product","2":"type-product","3":"status-publish","4":"has-post-thumbnail","6":"product_brand-kuhl","7":"product_cat-camisas","8":"product_cat-productos","9":"product_cat-ropa-tecnica-para-hombre","11":"first","12":"outofstock","13":"shipping-taxable","14":"purchasable","15":"product-type-variable"},"_links":{"self":[{"href":"https:\/\/theoutdoorshubgt.com\/shop\/index.php\/wp-json\/wp\/v2\/product\/14959","targetHints":{"allow":["GET"]}}],"collection":[{"href":"https:\/\/theoutdoorshubgt.com\/shop\/index.php\/wp-json\/wp\/v2\/product"}],"about":[{"href":"https:\/\/theoutdoorshubgt.com\/shop\/index.php\/wp-json\/wp\/v2\/types\/product"}],"wp:featuredmedia":[{"embeddable":true,"href":"https:\/\/theoutdoorshubgt.com\/shop\/index.php\/wp-json\/wp\/v2\/media\/14962"}],"wp:attachment":[{"href":"https:\/\/theoutdoorshubgt.com\/shop\/index.php\/wp-json\/wp\/v2\/media?parent=14959"}],"wp:term":[{"taxonomy":"product_cat","embeddable":true,"href":"https:\/\/theoutdoorshubgt.com\/shop\/index.php\/wp-json\/wp\/v2\/product_cat?post=14959"},{"taxonomy":"product_tag","embeddable":true,"href":"https:\/\/theoutdoorshubgt.com\/shop\/index.php\/wp-json\/wp\/v2\/product_tag?post=14959"}],"curies":[{"name":"wp","href":"https:\/\/api.w.org\/{rel}","templated":true}]}}