{"id":15012,"date":"2024-11-07T22:00:11","date_gmt":"2024-11-08T04:00:11","guid":{"rendered":"https:\/\/theoutdoorshubgt.com\/shop\/?post_type=product&#038;p=15012"},"modified":"2026-01-18T13:00:41","modified_gmt":"2026-01-18T19:00:41","slug":"kuhl-elixir-jacket-silverstone","status":"publish","type":"product","link":"https:\/\/theoutdoorshubgt.com\/shop\/index.php\/product\/kuhl-elixir-jacket-silverstone\/","title":{"rendered":"KUHL ELIXIR JACKET SILVERSTONE"},"content":{"rendered":"<p>Prolongue su experiencia al aire libre con la calidez premium y la comodidad suave y acogedora de la sudadera con capucha ELIXIR\u2122. El forro polar italiano de pelo alto de primera calidad se combina con una protecci\u00f3n de hombro softshell para transportar equipo para una combinaci\u00f3n de capas vers\u00e1til o un rendimiento independiente. Una costura lateral a\u00f1ade un toque elegante.<\/p>\n","protected":false},"excerpt":{"rendered":"<ul>\n<li>Forro polar incre\u00edblemente suave y el\u00e1stico de pelo largo<\/li>\n<li>Ultrac\u00e1lido pero ligero<\/li>\n<li>Alta relaci\u00f3n calor-peso<\/li>\n<\/ul>\n","protected":false},"featured_media":15013,"template":"","meta":[],"product_cat":[94,73,98],"product_tag":[],"class_list":{"0":"post-15012","1":"product","2":"type-product","3":"status-publish","4":"has-post-thumbnail","6":"product_brand-kuhl","7":"product_cat-productos","8":"product_cat-ropa-tecnica-para-mujer","9":"product_cat-sueteres-fleece-ropa-tecnica-para-mujer","11":"first","12":"outofstock","13":"shipping-taxable","14":"purchasable","15":"product-type-variable"},"_links":{"self":[{"href":"https:\/\/theoutdoorshubgt.com\/shop\/index.php\/wp-json\/wp\/v2\/product\/15012","targetHints":{"allow":["GET"]}}],"collection":[{"href":"https:\/\/theoutdoorshubgt.com\/shop\/index.php\/wp-json\/wp\/v2\/product"}],"about":[{"href":"https:\/\/theoutdoorshubgt.com\/shop\/index.php\/wp-json\/wp\/v2\/types\/product"}],"wp:featuredmedia":[{"embeddable":true,"href":"https:\/\/theoutdoorshubgt.com\/shop\/index.php\/wp-json\/wp\/v2\/media\/15013"}],"wp:attachment":[{"href":"https:\/\/theoutdoorshubgt.com\/shop\/index.php\/wp-json\/wp\/v2\/media?parent=15012"}],"wp:term":[{"taxonomy":"product_cat","embeddable":true,"href":"https:\/\/theoutdoorshubgt.com\/shop\/index.php\/wp-json\/wp\/v2\/product_cat?post=15012"},{"taxonomy":"product_tag","embeddable":true,"href":"https:\/\/theoutdoorshubgt.com\/shop\/index.php\/wp-json\/wp\/v2\/product_tag?post=15012"}],"curies":[{"name":"wp","href":"https:\/\/api.w.org\/{rel}","templated":true}]}}