{"id":15089,"date":"2024-11-08T22:06:14","date_gmt":"2024-11-09T04:06:14","guid":{"rendered":"https:\/\/theoutdoorshubgt.com\/shop\/?post_type=product&#038;p=15089"},"modified":"2026-03-02T15:46:24","modified_gmt":"2026-03-02T21:46:24","slug":"light-downhill-racr-crew-cast-iron","status":"publish","type":"product","link":"https:\/\/theoutdoorshubgt.com\/shop\/index.php\/product\/light-downhill-racr-crew-cast-iron\/","title":{"rendered":"KUHL LIGHT DOWNHILL RACR CREW CAST IRON"},"content":{"rendered":"<p>Inspirado en los su\u00e9teres antiguos de carreras de esqu\u00ed, el DOWNHILL RACR\u2122 MERINO CREW es lo \u00faltimo en regulaci\u00f3n de temperatura en climas fr\u00edos. La construcci\u00f3n AERO\u2122 KNIT crea microbolsas de aire para mantenerte abrigado sin agregar peso, mientras que el merino superfino es m\u00e1s suave para tu piel. EXPERIMENTA LA DIFERENCIA K\u00dcHL\u2122<\/p>\n","protected":false},"excerpt":{"rendered":"<ul>\n<li>La mezcla de lana merino regula naturalmente la temperatura corporal.<\/li>\n<li>Te mantiene seco y c\u00f3modo todo el d\u00eda.<\/li>\n<li>Ultraligero y suave<\/li>\n<li>Naturalmente resistente a los olores<\/li>\n<li>Un toque de nailon a\u00f1adido para mayor resistencia.<\/li>\n<\/ul>\n","protected":false},"featured_media":15090,"template":"","meta":[],"product_cat":[99,94,72],"product_tag":[],"class_list":{"0":"post-15089","1":"product","2":"type-product","3":"status-publish","4":"has-post-thumbnail","6":"product_brand-kuhl","7":"product_cat-camisas","8":"product_cat-productos","9":"product_cat-ropa-tecnica-para-hombre","11":"first","12":"outofstock","13":"shipping-taxable","14":"purchasable","15":"product-type-variable"},"_links":{"self":[{"href":"https:\/\/theoutdoorshubgt.com\/shop\/index.php\/wp-json\/wp\/v2\/product\/15089","targetHints":{"allow":["GET"]}}],"collection":[{"href":"https:\/\/theoutdoorshubgt.com\/shop\/index.php\/wp-json\/wp\/v2\/product"}],"about":[{"href":"https:\/\/theoutdoorshubgt.com\/shop\/index.php\/wp-json\/wp\/v2\/types\/product"}],"wp:featuredmedia":[{"embeddable":true,"href":"https:\/\/theoutdoorshubgt.com\/shop\/index.php\/wp-json\/wp\/v2\/media\/15090"}],"wp:attachment":[{"href":"https:\/\/theoutdoorshubgt.com\/shop\/index.php\/wp-json\/wp\/v2\/media?parent=15089"}],"wp:term":[{"taxonomy":"product_cat","embeddable":true,"href":"https:\/\/theoutdoorshubgt.com\/shop\/index.php\/wp-json\/wp\/v2\/product_cat?post=15089"},{"taxonomy":"product_tag","embeddable":true,"href":"https:\/\/theoutdoorshubgt.com\/shop\/index.php\/wp-json\/wp\/v2\/product_tag?post=15089"}],"curies":[{"name":"wp","href":"https:\/\/api.w.org\/{rel}","templated":true}]}}