{"id":15153,"date":"2024-11-11T21:19:06","date_gmt":"2024-11-12T03:19:06","guid":{"rendered":"https:\/\/theoutdoorshubgt.com\/shop\/?post_type=product&#038;p=15153"},"modified":"2026-04-11T18:11:11","modified_gmt":"2026-04-12T00:11:11","slug":"kuhl-ms-stretch-voyagr-jacket","status":"publish","type":"product","link":"https:\/\/theoutdoorshubgt.com\/shop\/index.php\/product\/kuhl-ms-stretch-voyagr-jacket\/","title":{"rendered":"KUHL M&#8217;S STRETCH VOYAGR JACKET"},"content":{"rendered":"<p>El ligero STRETCH VOYAGR\u2122 combina una transpirabilidad superior con un rendimiento impermeable avanzado para una comodidad superior en todo tipo de clima. Suave, silenciosa y muy flexible, esta chaqueta ofrece un ajuste impecable y est\u00e1 dise\u00f1ada para durar. \u00a1Sendero dif\u00edcil y compatible con las previsiones! IGUALADO\u00ae POR NADIE.<\/p>\n","protected":false},"excerpt":{"rendered":"<ul>\n<li>Protecci\u00f3n transpirable e impermeable (20k\/25k | 2L | DWR)<\/li>\n<li>Poli\u00e9ster ultraligero | 110 G\/M<\/li>\n<li>La membrana suave al tacto es suave para tu piel.<\/li>\n<li>Estiramiento en 4 direcciones para libertad de movimiento.<\/li>\n<li>Dise\u00f1o de capucha caracter\u00edstico de K\u00dcHL con ala reforzada<\/li>\n<li>Dos bolsillos para las manos con cremallera, un bolsillo interno en el pecho con cremallera<\/li>\n<li>Ajustes en la capucha y el dobladillo para un ajuste personalizado<\/li>\n<li>Costuras completamente selladas<\/li>\n<li>Cremallera frontal central resistente al agua YKK<\/li>\n<li>Bordes reflectantes para mayor visibilidad.<\/li>\n<li>Longitud de la cremallera frontal central: 29&#8243;<\/li>\n<\/ul>\n","protected":false},"featured_media":15164,"template":"","meta":[],"product_cat":[95,94,72],"product_tag":[],"class_list":{"0":"post-15153","1":"product","2":"type-product","3":"status-publish","4":"has-post-thumbnail","6":"product_brand-kuhl","7":"product_cat-chumpas","8":"product_cat-productos","9":"product_cat-ropa-tecnica-para-hombre","11":"first","12":"instock","13":"shipping-taxable","14":"purchasable","15":"product-type-variable","16":"has-default-attributes"},"_links":{"self":[{"href":"https:\/\/theoutdoorshubgt.com\/shop\/index.php\/wp-json\/wp\/v2\/product\/15153","targetHints":{"allow":["GET"]}}],"collection":[{"href":"https:\/\/theoutdoorshubgt.com\/shop\/index.php\/wp-json\/wp\/v2\/product"}],"about":[{"href":"https:\/\/theoutdoorshubgt.com\/shop\/index.php\/wp-json\/wp\/v2\/types\/product"}],"wp:featuredmedia":[{"embeddable":true,"href":"https:\/\/theoutdoorshubgt.com\/shop\/index.php\/wp-json\/wp\/v2\/media\/15164"}],"wp:attachment":[{"href":"https:\/\/theoutdoorshubgt.com\/shop\/index.php\/wp-json\/wp\/v2\/media?parent=15153"}],"wp:term":[{"taxonomy":"product_cat","embeddable":true,"href":"https:\/\/theoutdoorshubgt.com\/shop\/index.php\/wp-json\/wp\/v2\/product_cat?post=15153"},{"taxonomy":"product_tag","embeddable":true,"href":"https:\/\/theoutdoorshubgt.com\/shop\/index.php\/wp-json\/wp\/v2\/product_tag?post=15153"}],"curies":[{"name":"wp","href":"https:\/\/api.w.org\/{rel}","templated":true}]}}