{"id":15800,"date":"2024-11-19T13:01:08","date_gmt":"2024-11-19T19:01:08","guid":{"rendered":"https:\/\/theoutdoorshubgt.com\/shop\/?post_type=product&#038;p=15800"},"modified":"2026-04-11T18:05:09","modified_gmt":"2026-04-12T00:05:09","slug":"kuhl-airspeed-ls-2","status":"publish","type":"product","link":"https:\/\/theoutdoorshubgt.com\/shop\/index.php\/product\/kuhl-airspeed-ls-2\/","title":{"rendered":"KUHL AIRSPEED LS CON BOLSAS FRONTALES CON ZIPER"},"content":{"rendered":"<p>Tres tejidos ligeros y de primera calidad se combinan para ofrecer al AIRSPEED\u2122 un rendimiento \u00fanico. Combinando malla, punto y tejido para ofrecer lo mejor en protecci\u00f3n solar (UPF 30+), comodidad en climas c\u00e1lidos. Altamente transpirable y el\u00e1stico, el AIRSPEED\u2122 de secado r\u00e1pido incluso proporciona una c\u00f3moda toallita para gafas de sol. Los bolsillos asegurables protegen los objetos de valor para brindar confianza mientras viaja.<\/p>\n","protected":false},"excerpt":{"rendered":"<ul>\n<li>Absorbe la humedad<\/li>\n<li>Secado r\u00e1pido<\/li>\n<li>Paneles de tejido de malla ligero que aumentan el flujo de aire y se estiran<\/li>\n<li>Protecci\u00f3n solar premium (UPF 30+)<\/li>\n<\/ul>\n","protected":false},"featured_media":14893,"template":"","meta":[],"product_cat":[99,94,72],"product_tag":[],"class_list":{"0":"post-15800","1":"product","2":"type-product","3":"status-publish","4":"has-post-thumbnail","6":"product_brand-kuhl","7":"product_cat-camisas","8":"product_cat-productos","9":"product_cat-ropa-tecnica-para-hombre","11":"first","12":"outofstock","13":"shipping-taxable","14":"purchasable","15":"product-type-variable","16":"has-default-attributes"},"_links":{"self":[{"href":"https:\/\/theoutdoorshubgt.com\/shop\/index.php\/wp-json\/wp\/v2\/product\/15800","targetHints":{"allow":["GET"]}}],"collection":[{"href":"https:\/\/theoutdoorshubgt.com\/shop\/index.php\/wp-json\/wp\/v2\/product"}],"about":[{"href":"https:\/\/theoutdoorshubgt.com\/shop\/index.php\/wp-json\/wp\/v2\/types\/product"}],"wp:featuredmedia":[{"embeddable":true,"href":"https:\/\/theoutdoorshubgt.com\/shop\/index.php\/wp-json\/wp\/v2\/media\/14893"}],"wp:attachment":[{"href":"https:\/\/theoutdoorshubgt.com\/shop\/index.php\/wp-json\/wp\/v2\/media?parent=15800"}],"wp:term":[{"taxonomy":"product_cat","embeddable":true,"href":"https:\/\/theoutdoorshubgt.com\/shop\/index.php\/wp-json\/wp\/v2\/product_cat?post=15800"},{"taxonomy":"product_tag","embeddable":true,"href":"https:\/\/theoutdoorshubgt.com\/shop\/index.php\/wp-json\/wp\/v2\/product_tag?post=15800"}],"curies":[{"name":"wp","href":"https:\/\/api.w.org\/{rel}","templated":true}]}}