{"id":15883,"date":"2024-11-25T19:10:24","date_gmt":"2024-11-26T01:10:24","guid":{"rendered":"https:\/\/theoutdoorshubgt.com\/shop\/?post_type=product&#038;p=15883"},"modified":"2026-01-18T12:58:19","modified_gmt":"2026-01-18T18:58:19","slug":"nite-ize-radiant-170-rechargeable-headlamp-blue","status":"publish","type":"product","link":"https:\/\/theoutdoorshubgt.com\/shop\/index.php\/product\/nite-ize-radiant-170-rechargeable-headlamp-blue\/","title":{"rendered":"NITE IZE RADIANT 170 RECHARGEABLE HEADLAMP &#8211; BLUE"},"content":{"rendered":"<p>Con 170 l\u00famenes de iluminaci\u00f3n reflectora que es perfecta para las tareas, esta linterna frontal de dos colores ofrece cuatro modos, inclinaci\u00f3n ajustable y un cuerpo desmontable que se convierte en una luz de mano.<\/p>\n","protected":false},"excerpt":{"rendered":"<ul>\n<li>170 l\u00famenes<\/li>\n<li>Cuatro modos:\n<ul>\n<li>Blanco: inundaci\u00f3n alta, inundaci\u00f3n baja<\/li>\n<li>Rojo: inundaci\u00f3n alta, destello<\/li>\n<\/ul>\n<\/li>\n<li>Dise\u00f1o sencillo con bot\u00f3n pulsador<\/li>\n<li>La tecnolog\u00eda Chip-on-board crea un haz de luz blanco uniforme que es perfecto para las tareas<\/li>\n<li>El modo rojo se ilumina manteniendo la visi\u00f3n nocturna<\/li>\n<li>El cuerpo del faro desmontable se inclina 180\u00b0<\/li>\n<li>Resistente a impactos (a prueba de ca\u00eddas hasta 1 m)<\/li>\n<li>Resistente al agua (probado seg\u00fan IPX4)<\/li>\n<li>Correa ajustable c\u00f3moda y de alta calidad<\/li>\n<li>Alimentado por una bater\u00eda recargable de iones de litio.<\/li>\n<li>Pulsar r\u00e1pidamente el bot\u00f3n de encendido en modo apagado indica el nivel de carga\n<ul>\n<li>Rojo = necesita cargarse<\/li>\n<li>Verde = completamente cargado<\/li>\n<\/ul>\n<\/li>\n<li>Se recarga en aproximadamente 2h 40min mediante cable micro USB (no incluido)<\/li>\n<li>Tiempo de ejecuci\u00f3n: 2 horas<\/li>\n<\/ul>\n<div id=\"simple-translate\" class=\"simple-translate-system-theme\">\n<div>\n<div class=\"simple-translate-button isShow\" style=\"height: 22px; width: 22px; top: 105px; left: 148px;\"><\/div>\n<div class=\"simple-translate-panel \" style=\"width: 300px; height: 200px; top: 0px; left: 0px; font-size: 13px;\">\n<div class=\"simple-translate-result-wrapper\" style=\"overflow: hidden;\">\n<div class=\"simple-translate-move\"><\/div>\n<div class=\"simple-translate-result-contents\">\n<p class=\"simple-translate-candidate\" dir=\"auto\">\n<\/div>\n<\/div>\n<\/div>\n<\/div>\n<\/div>\n","protected":false},"featured_media":15884,"template":"","meta":[],"product_cat":[143,144,94],"product_tag":[],"class_list":{"0":"post-15883","1":"product","2":"type-product","3":"status-publish","4":"has-post-thumbnail","6":"product_brand-nite-ize","7":"product_cat-iluminacion","8":"product_cat-lamparas-de-cabeza","9":"product_cat-productos","11":"first","12":"outofstock","13":"shipping-taxable","14":"purchasable","15":"product-type-simple"},"_links":{"self":[{"href":"https:\/\/theoutdoorshubgt.com\/shop\/index.php\/wp-json\/wp\/v2\/product\/15883","targetHints":{"allow":["GET"]}}],"collection":[{"href":"https:\/\/theoutdoorshubgt.com\/shop\/index.php\/wp-json\/wp\/v2\/product"}],"about":[{"href":"https:\/\/theoutdoorshubgt.com\/shop\/index.php\/wp-json\/wp\/v2\/types\/product"}],"wp:featuredmedia":[{"embeddable":true,"href":"https:\/\/theoutdoorshubgt.com\/shop\/index.php\/wp-json\/wp\/v2\/media\/15884"}],"wp:attachment":[{"href":"https:\/\/theoutdoorshubgt.com\/shop\/index.php\/wp-json\/wp\/v2\/media?parent=15883"}],"wp:term":[{"taxonomy":"product_cat","embeddable":true,"href":"https:\/\/theoutdoorshubgt.com\/shop\/index.php\/wp-json\/wp\/v2\/product_cat?post=15883"},{"taxonomy":"product_tag","embeddable":true,"href":"https:\/\/theoutdoorshubgt.com\/shop\/index.php\/wp-json\/wp\/v2\/product_tag?post=15883"}],"curies":[{"name":"wp","href":"https:\/\/api.w.org\/{rel}","templated":true}]}}