{"id":15925,"date":"2024-11-25T21:43:42","date_gmt":"2024-11-26T03:43:42","guid":{"rendered":"https:\/\/theoutdoorshubgt.com\/shop\/?post_type=product&#038;p=15925"},"modified":"2026-03-05T11:13:30","modified_gmt":"2026-03-05T17:13:30","slug":"nite-ize-s-biner-slidelock-aluminum-combo-3-pack-assorted","status":"publish","type":"product","link":"https:\/\/theoutdoorshubgt.com\/shop\/index.php\/product\/nite-ize-s-biner-slidelock-aluminum-combo-3-pack-assorted\/","title":{"rendered":"NITE IZE S-BINER SLIDELOCK ALUMINUM COMBO &#8211; 3 PACK &#8211; ASSORTED"},"content":{"rendered":"<p>El ic\u00f3nico dise\u00f1o S-Biner permite una conexi\u00f3n r\u00e1pida y sencilla gracias a su exclusivo dise\u00f1o de doble puerta. Este S-Biner cuenta con un mecanismo SlideLock que permite bloquear cada puerta de forma independiente para mantener todos sus art\u00edculos seguros con confianza. El cuerpo de aluminio liviano y colorido con puertas de acero inoxidable est\u00e1 disponible en una variedad de tama\u00f1os, creando una manera perfecta de sostener, asegurar y conectar todo, desde llaves hasta botellas de agua y equipos.<\/p>\n","protected":false},"excerpt":{"rendered":"<ul>\n<li>Construcci\u00f3n s\u00f3lida de aluminio<\/li>\n<li>Puertas seguras de alambre de acero inoxidable con funci\u00f3n de deslizamiento para bloquear<\/li>\n<li>Las puertas se pueden cerrar de forma independiente<\/li>\n<li>Ligero y fuerte<\/li>\n<li>Tama\u00f1o #3 Dimensiones: 1,2&#8243; x 2,7&#8243; x 0,4&#8243; | 48 mm x 107 mm x 13 mm<\/li>\n<li>Tama\u00f1o #4 Dimensiones: 1,6&#8243; x 3,5&#8243; x 0,6&#8243; | 48 mm x 128 mm x 17 mm<\/li>\n<\/ul>\n","protected":false},"featured_media":15927,"template":"","meta":[],"product_cat":[140,135,94],"product_tag":[],"class_list":{"0":"post-15925","1":"product","2":"type-product","3":"status-publish","4":"has-post-thumbnail","6":"product_brand-nite-ize","7":"product_cat-carabiners","8":"product_cat-hiking","9":"product_cat-productos","11":"first","12":"instock","13":"shipping-taxable","14":"purchasable","15":"product-type-simple"},"_links":{"self":[{"href":"https:\/\/theoutdoorshubgt.com\/shop\/index.php\/wp-json\/wp\/v2\/product\/15925","targetHints":{"allow":["GET"]}}],"collection":[{"href":"https:\/\/theoutdoorshubgt.com\/shop\/index.php\/wp-json\/wp\/v2\/product"}],"about":[{"href":"https:\/\/theoutdoorshubgt.com\/shop\/index.php\/wp-json\/wp\/v2\/types\/product"}],"wp:featuredmedia":[{"embeddable":true,"href":"https:\/\/theoutdoorshubgt.com\/shop\/index.php\/wp-json\/wp\/v2\/media\/15927"}],"wp:attachment":[{"href":"https:\/\/theoutdoorshubgt.com\/shop\/index.php\/wp-json\/wp\/v2\/media?parent=15925"}],"wp:term":[{"taxonomy":"product_cat","embeddable":true,"href":"https:\/\/theoutdoorshubgt.com\/shop\/index.php\/wp-json\/wp\/v2\/product_cat?post=15925"},{"taxonomy":"product_tag","embeddable":true,"href":"https:\/\/theoutdoorshubgt.com\/shop\/index.php\/wp-json\/wp\/v2\/product_tag?post=15925"}],"curies":[{"name":"wp","href":"https:\/\/api.w.org\/{rel}","templated":true}]}}