{"id":17963,"date":"2025-04-08T15:06:25","date_gmt":"2025-04-08T21:06:25","guid":{"rendered":"https:\/\/theoutdoorshubgt.com\/shop\/?post_type=product&#038;p=17963"},"modified":"2026-01-18T11:49:56","modified_gmt":"2026-01-18T17:49:56","slug":"identikey-microloks-6-pack","status":"publish","type":"product","link":"https:\/\/theoutdoorshubgt.com\/shop\/index.php\/product\/identikey-microloks-6-pack\/","title":{"rendered":"NITE IZE IDENTIKEY\u2122 MICROLOKS 6 PACK"},"content":{"rendered":"<p>Estos identificadores de llaves universales y coloridos cuentan con pesta\u00f1as para escribir que facilitan la identificaci\u00f3n de las llaves. El material de la funda es una goma el\u00e1stica y duradera que se adapta a llaves de la mayor\u00eda de las formas y tama\u00f1os, manteni\u00e9ndose firmemente en su lugar y protegiendo la escritura en el interior. El paquete combinado incluye dos resistentes cierres S-Biner MicroLock de pl\u00e1stico para una fijaci\u00f3n r\u00e1pida y segura a los llaveros.<\/p>\n","protected":false},"excerpt":{"rendered":"<ul>\n<li>Codifica por colores y se adapta a la mayor\u00eda de las llaves.<\/li>\n<li>La pesta\u00f1a plegable para escritura protege la tinta e identifica las llaves.<\/li>\n<li>Material TPR impermeable.<\/li>\n<li>Escribe con tinta permanente.<\/li>\n<\/ul>\n","protected":false},"featured_media":17964,"template":"","meta":[],"product_cat":[161,140,135,94],"product_tag":[],"class_list":{"0":"post-17963","1":"product","2":"type-product","3":"status-publish","4":"has-post-thumbnail","6":"product_brand-nite-ize","7":"product_cat-articulos-varios","8":"product_cat-carabiners","9":"product_cat-hiking","10":"product_cat-productos","12":"first","13":"outofstock","14":"shipping-taxable","15":"purchasable","16":"product-type-simple"},"_links":{"self":[{"href":"https:\/\/theoutdoorshubgt.com\/shop\/index.php\/wp-json\/wp\/v2\/product\/17963","targetHints":{"allow":["GET"]}}],"collection":[{"href":"https:\/\/theoutdoorshubgt.com\/shop\/index.php\/wp-json\/wp\/v2\/product"}],"about":[{"href":"https:\/\/theoutdoorshubgt.com\/shop\/index.php\/wp-json\/wp\/v2\/types\/product"}],"wp:featuredmedia":[{"embeddable":true,"href":"https:\/\/theoutdoorshubgt.com\/shop\/index.php\/wp-json\/wp\/v2\/media\/17964"}],"wp:attachment":[{"href":"https:\/\/theoutdoorshubgt.com\/shop\/index.php\/wp-json\/wp\/v2\/media?parent=17963"}],"wp:term":[{"taxonomy":"product_cat","embeddable":true,"href":"https:\/\/theoutdoorshubgt.com\/shop\/index.php\/wp-json\/wp\/v2\/product_cat?post=17963"},{"taxonomy":"product_tag","embeddable":true,"href":"https:\/\/theoutdoorshubgt.com\/shop\/index.php\/wp-json\/wp\/v2\/product_tag?post=17963"}],"curies":[{"name":"wp","href":"https:\/\/api.w.org\/{rel}","templated":true}]}}