{"id":17973,"date":"2025-04-08T15:22:31","date_gmt":"2025-04-08T21:22:31","guid":{"rendered":"https:\/\/theoutdoorshubgt.com\/shop\/?post_type=product&#038;p=17973"},"modified":"2026-03-05T10:52:41","modified_gmt":"2026-03-05T16:52:41","slug":"o-series-gated-key-ring-2-pack","status":"publish","type":"product","link":"https:\/\/theoutdoorshubgt.com\/shop\/index.php\/product\/o-series-gated-key-ring-2-pack\/","title":{"rendered":"NITE IZE O- SERIES\u00ae GATED KEY RING &#8211; 2 PACK"},"content":{"rendered":"<p>El llavero con cierre Serie O mejora el cl\u00e1sico anillo dividido, sin necesidad de clavos. Este resistente anillo de acero inoxidable cuenta con un peque\u00f1o cierre de resorte que permite sujetar f\u00e1cilmente llaves, llaveros y accesorios con un solo movimiento. Sabemos lo que est\u00e1s pensando: \u00bfC\u00f3mo se mantienen las llaves bien sujetas? La clave est\u00e1 en el dise\u00f1o. Este innovador anillo cuenta con una abertura estrecha y un cierre centrado para una m\u00e1xima seguridad. As\u00ed, puedes sujetar llaves, intercambiarlas cuando lo necesites y llevarlas contigo sin preocupaciones.<\/p>\n","protected":false},"excerpt":{"rendered":"<ul>\n<li>Llavero con cierre para facilitar la colocaci\u00f3n de las llaves.<\/li>\n<li>Dise\u00f1o innovador con apertura estrecha y cierre centrado para m\u00e1xima seguridad.<\/li>\n<li>Capacidad para la mayor\u00eda de llaves, llaveros y accesorios.<\/li>\n<li>Cuerpo de acero inoxidable de alta calidad.<\/li>\n<li>Cierre seguro con cierre de alambre de acero inoxidable.<\/li>\n<\/ul>\n","protected":false},"featured_media":17976,"template":"","meta":[],"product_cat":[161,140,135,156,94],"product_tag":[],"class_list":{"0":"post-17973","1":"product","2":"type-product","3":"status-publish","4":"has-post-thumbnail","6":"product_brand-nite-ize","7":"product_cat-articulos-varios","8":"product_cat-carabiners","9":"product_cat-hiking","10":"product_cat-lifestyle","11":"product_cat-productos","13":"first","14":"instock","15":"shipping-taxable","16":"purchasable","17":"product-type-simple"},"_links":{"self":[{"href":"https:\/\/theoutdoorshubgt.com\/shop\/index.php\/wp-json\/wp\/v2\/product\/17973","targetHints":{"allow":["GET"]}}],"collection":[{"href":"https:\/\/theoutdoorshubgt.com\/shop\/index.php\/wp-json\/wp\/v2\/product"}],"about":[{"href":"https:\/\/theoutdoorshubgt.com\/shop\/index.php\/wp-json\/wp\/v2\/types\/product"}],"wp:featuredmedia":[{"embeddable":true,"href":"https:\/\/theoutdoorshubgt.com\/shop\/index.php\/wp-json\/wp\/v2\/media\/17976"}],"wp:attachment":[{"href":"https:\/\/theoutdoorshubgt.com\/shop\/index.php\/wp-json\/wp\/v2\/media?parent=17973"}],"wp:term":[{"taxonomy":"product_cat","embeddable":true,"href":"https:\/\/theoutdoorshubgt.com\/shop\/index.php\/wp-json\/wp\/v2\/product_cat?post=17973"},{"taxonomy":"product_tag","embeddable":true,"href":"https:\/\/theoutdoorshubgt.com\/shop\/index.php\/wp-json\/wp\/v2\/product_tag?post=17973"}],"curies":[{"name":"wp","href":"https:\/\/api.w.org\/{rel}","templated":true}]}}