{"id":18039,"date":"2025-04-09T11:46:04","date_gmt":"2025-04-09T17:46:04","guid":{"rendered":"https:\/\/theoutdoorshubgt.com\/shop\/?post_type=product&#038;p=18039"},"modified":"2026-03-05T10:38:19","modified_gmt":"2026-03-05T16:38:19","slug":"cordcollar-cord-id-protection","status":"publish","type":"product","link":"https:\/\/theoutdoorshubgt.com\/shop\/index.php\/product\/cordcollar-cord-id-protection\/","title":{"rendered":"NITE IZE CORDCOLLAR\u00ae CORD ID + PROTECTION"},"content":{"rendered":"<p>Estas cubiertas coloridas y duraderas refuerzan los extremos de los cables donde m\u00e1s se doblan para ayudar a evitar que se deshilachen y eliminan la tarea de distinguir cables y cordones similares.<\/p>\n","protected":false},"excerpt":{"rendered":"<ul>\n<li>Se estira para adaptarse a la mayor\u00eda de los cables de carga, incluyendo USB, micro USB, Apple Lightning y m\u00e1s.<\/li>\n<li>Hecho de material TPE duradero.<\/li>\n<li>Identifica f\u00e1cilmente los cables.<\/li>\n<li>Incluye herramienta de instalaci\u00f3n para deslizar f\u00e1cilmente estas cubiertas ajustadas sobre los extremos m\u00e1s grandes.<\/li>\n<li>Dimensiones: 7,6 mm x 21 mm x 7,6 mm (0,3 pulg. x 0,82 pulg. x 0,3 pulg.)<br \/>\nPeso: 0,5 g (0,02 oz)<\/li>\n<\/ul>\n","protected":false},"featured_media":18040,"template":"","meta":[],"product_cat":[161,156,94],"product_tag":[],"class_list":{"0":"post-18039","1":"product","2":"type-product","3":"status-publish","4":"has-post-thumbnail","6":"product_brand-nite-ize","7":"product_cat-articulos-varios","8":"product_cat-lifestyle","9":"product_cat-productos","11":"first","12":"instock","13":"shipping-taxable","14":"purchasable","15":"product-type-simple"},"_links":{"self":[{"href":"https:\/\/theoutdoorshubgt.com\/shop\/index.php\/wp-json\/wp\/v2\/product\/18039","targetHints":{"allow":["GET"]}}],"collection":[{"href":"https:\/\/theoutdoorshubgt.com\/shop\/index.php\/wp-json\/wp\/v2\/product"}],"about":[{"href":"https:\/\/theoutdoorshubgt.com\/shop\/index.php\/wp-json\/wp\/v2\/types\/product"}],"wp:featuredmedia":[{"embeddable":true,"href":"https:\/\/theoutdoorshubgt.com\/shop\/index.php\/wp-json\/wp\/v2\/media\/18040"}],"wp:attachment":[{"href":"https:\/\/theoutdoorshubgt.com\/shop\/index.php\/wp-json\/wp\/v2\/media?parent=18039"}],"wp:term":[{"taxonomy":"product_cat","embeddable":true,"href":"https:\/\/theoutdoorshubgt.com\/shop\/index.php\/wp-json\/wp\/v2\/product_cat?post=18039"},{"taxonomy":"product_tag","embeddable":true,"href":"https:\/\/theoutdoorshubgt.com\/shop\/index.php\/wp-json\/wp\/v2\/product_tag?post=18039"}],"curies":[{"name":"wp","href":"https:\/\/api.w.org\/{rel}","templated":true}]}}