{"id":18068,"date":"2025-04-09T16:20:34","date_gmt":"2025-04-09T22:20:34","guid":{"rendered":"https:\/\/theoutdoorshubgt.com\/shop\/?post_type=product&#038;p=18068"},"modified":"2026-02-26T13:08:49","modified_gmt":"2026-02-26T19:08:49","slug":"geckobrands-folding-trunk-tote","status":"publish","type":"product","link":"https:\/\/theoutdoorshubgt.com\/shop\/index.php\/product\/geckobrands-folding-trunk-tote\/","title":{"rendered":"GECKOBRANDS FOLDING TRUNK TOTE"},"content":{"rendered":"<p>Esta bolsa plegable para maletero cuenta con m\u00faltiples divisores extra\u00edbles y bolsillos laterales para una organizaci\u00f3n ilimitada, ideal tanto para viajes por carretera como para estar preparada a diario. Cuando no la uses, se pliega para un almacenamiento perfecto, o puedes transportarla f\u00e1cilmente dentro y fuera del veh\u00edculo gracias a sus resistentes asas.<\/p>\n","protected":false},"excerpt":{"rendered":"<ul>\n<li>Bolsa plegable que mantiene tu ba\u00fal organizado<\/li>\n<li>Las correas de velcro mantienen la bolsa cerrada cuando est\u00e1 plegada<\/li>\n<li>Dos divisores extra\u00edbles para una variedad de opciones de almacenamiento<\/li>\n<li>Los bolsillos exteriores de malla brindan a\u00fan m\u00e1s espacio de almacenamiento<\/li>\n<li>Dos asas resistentes para facilitar el transporte<\/li>\n<li>Material(es): Poli\u00e9ster<\/li>\n<\/ul>\n","protected":false},"featured_media":18069,"template":"","meta":[],"product_cat":[161,156,94],"product_tag":[],"class_list":{"0":"post-18068","1":"product","2":"type-product","3":"status-publish","4":"has-post-thumbnail","6":"product_brand-geckobrands","7":"product_cat-articulos-varios","8":"product_cat-lifestyle","9":"product_cat-productos","11":"first","12":"outofstock","13":"shipping-taxable","14":"purchasable","15":"product-type-simple"},"_links":{"self":[{"href":"https:\/\/theoutdoorshubgt.com\/shop\/index.php\/wp-json\/wp\/v2\/product\/18068","targetHints":{"allow":["GET"]}}],"collection":[{"href":"https:\/\/theoutdoorshubgt.com\/shop\/index.php\/wp-json\/wp\/v2\/product"}],"about":[{"href":"https:\/\/theoutdoorshubgt.com\/shop\/index.php\/wp-json\/wp\/v2\/types\/product"}],"wp:featuredmedia":[{"embeddable":true,"href":"https:\/\/theoutdoorshubgt.com\/shop\/index.php\/wp-json\/wp\/v2\/media\/18069"}],"wp:attachment":[{"href":"https:\/\/theoutdoorshubgt.com\/shop\/index.php\/wp-json\/wp\/v2\/media?parent=18068"}],"wp:term":[{"taxonomy":"product_cat","embeddable":true,"href":"https:\/\/theoutdoorshubgt.com\/shop\/index.php\/wp-json\/wp\/v2\/product_cat?post=18068"},{"taxonomy":"product_tag","embeddable":true,"href":"https:\/\/theoutdoorshubgt.com\/shop\/index.php\/wp-json\/wp\/v2\/product_tag?post=18068"}],"curies":[{"name":"wp","href":"https:\/\/api.w.org\/{rel}","templated":true}]}}