{"id":18106,"date":"2025-04-10T10:27:11","date_gmt":"2025-04-10T16:27:11","guid":{"rendered":"https:\/\/theoutdoorshubgt.com\/shop\/?post_type=product&#038;p=18106"},"modified":"2026-04-25T11:17:09","modified_gmt":"2026-04-25T17:17:09","slug":"geckobrands-opticool-backpack-cooler","status":"publish","type":"product","link":"https:\/\/theoutdoorshubgt.com\/shop\/index.php\/product\/geckobrands-opticool-backpack-cooler\/","title":{"rendered":"GECKOBRANDS OPTICOOL BACKPACK COOLER"},"content":{"rendered":"<p>Una soluci\u00f3n ligera que marca la diferencia. La mochila hielera Opticool cuenta con una capacidad aislante y herm\u00e9tica que permite guardar f\u00e1cilmente hasta 24 latas o 18 botellas. La espalda de malla seccionada y las correas acolchadas para los hombros ofrecen un soporte \u00f3ptimo durante tus viajes, permiti\u00e9ndote caminar sin peso. El bolsillo frontal con cremallera ofrece m\u00e1s opciones de organizaci\u00f3n y almacenamiento, mientras que la parte superior con cremallera, los bolsillos laterales de malla y la tapa con cierre de velcro garantizan un f\u00e1cil acceso.<\/p>\n","protected":false},"excerpt":{"rendered":"<ul>\n<li>Tiene capacidad para hasta 24 latas o 18 botellas, adem\u00e1s de amplio espacio para hielo.<\/li>\n<li>El material de poli\u00e9ster recubierto de primera calidad y duradero es f\u00e1cil de limpiar y mantendr\u00e1 su apariencia por m\u00e1s tiempo.<\/li>\n<li>Aislamiento grueso y a prueba de fugas para m\u00e1s de 12 horas de hielo (var\u00eda seg\u00fan el uso, la cantidad de hielo y las condiciones).<\/li>\n<li>Se abre mediante la tapa aislante con cierre de velcro de f\u00e1cil acceso o con la cremallera superior.<\/li>\n<li>2 bolsillos grandes de malla para botellas y un bolsillo frontal con cremallera de 25 x 20 cm.<\/li>\n<li>Respaldos de malla de 3 secciones, correas de hombro acolchadas y correa para el pecho.<\/li>\n<li>Material: Peva, poli\u00e9ster recubierto.<\/li>\n<li>ADVERTENCIA: La cremallera de tela del producto no es impermeable. Para evitar fugas, mantenga siempre la hielera en posici\u00f3n vertical y evite colocarla de lado o boca abajo.<\/li>\n<\/ul>\n","protected":false},"featured_media":18108,"template":"","meta":[],"product_cat":[154,158,156,94,148],"product_tag":[],"class_list":{"0":"post-18106","1":"product","2":"type-product","3":"status-publish","4":"has-post-thumbnail","6":"product_brand-geckobrands","7":"product_cat-backpacks-waterproof","8":"product_cat-hieleras","9":"product_cat-lifestyle","10":"product_cat-productos","11":"product_cat-waterproof","13":"first","14":"outofstock","15":"shipping-taxable","16":"purchasable","17":"product-type-variable"},"_links":{"self":[{"href":"https:\/\/theoutdoorshubgt.com\/shop\/index.php\/wp-json\/wp\/v2\/product\/18106","targetHints":{"allow":["GET"]}}],"collection":[{"href":"https:\/\/theoutdoorshubgt.com\/shop\/index.php\/wp-json\/wp\/v2\/product"}],"about":[{"href":"https:\/\/theoutdoorshubgt.com\/shop\/index.php\/wp-json\/wp\/v2\/types\/product"}],"wp:featuredmedia":[{"embeddable":true,"href":"https:\/\/theoutdoorshubgt.com\/shop\/index.php\/wp-json\/wp\/v2\/media\/18108"}],"wp:attachment":[{"href":"https:\/\/theoutdoorshubgt.com\/shop\/index.php\/wp-json\/wp\/v2\/media?parent=18106"}],"wp:term":[{"taxonomy":"product_cat","embeddable":true,"href":"https:\/\/theoutdoorshubgt.com\/shop\/index.php\/wp-json\/wp\/v2\/product_cat?post=18106"},{"taxonomy":"product_tag","embeddable":true,"href":"https:\/\/theoutdoorshubgt.com\/shop\/index.php\/wp-json\/wp\/v2\/product_tag?post=18106"}],"curies":[{"name":"wp","href":"https:\/\/api.w.org\/{rel}","templated":true}]}}