{"id":18121,"date":"2025-04-10T10:57:52","date_gmt":"2025-04-10T16:57:52","guid":{"rendered":"https:\/\/theoutdoorshubgt.com\/shop\/?post_type=product&#038;p=18121"},"modified":"2026-03-05T10:28:53","modified_gmt":"2026-03-05T16:28:53","slug":"nite-ize-runoff-waterproof-phone-case","status":"publish","type":"product","link":"https:\/\/theoutdoorshubgt.com\/shop\/index.php\/product\/nite-ize-runoff-waterproof-phone-case\/","title":{"rendered":"NITE IZE RUNOFF\u00ae WATERPROOF PHONE CASE"},"content":{"rendered":"<p>RunOff revoluciona la protecci\u00f3n impermeable. Esta exclusiva funda blanda protege los tel\u00e9fonos del agua, el polvo y la arena con un dise\u00f1o delgado que cabe en los bolsillos o se puede sujetar al cord\u00f3n incluido. Su material transparente, compatible con pantallas t\u00e1ctiles, permite usar aplicaciones y la c\u00e1mara frontal y trasera.<\/p>\n","protected":false},"excerpt":{"rendered":"<ul>\n<li>Resistente al polvo y al agua seg\u00fan IP67 (sumergible a 1 m de profundidad hasta 30 minutos)<\/li>\n<li>Compatible con pantallas t\u00e1ctiles<\/li>\n<li>Dise\u00f1o compacto que cabe en la mayor\u00eda de los bolsillos<\/li>\n<li>Toma fotos bajo el agua con las c\u00e1maras frontal y trasera<\/li>\n<li>El tarjetero interior integrado protege c\u00f3modamente tus tarjetas y dinero en efectivo<\/li>\n<li>La banda el\u00e1stica fija el tel\u00e9fono a la pantalla t\u00e1ctil, lo que permite un uso sin problemas<\/li>\n<li>Construcci\u00f3n duradera de TPU con costuras soldadas por radiofrecuencia para m\u00e1xima fiabilidad<\/li>\n<li>Protege del agua, el polvo y la arena<\/li>\n<li>Se puede lavar con agua y jab\u00f3n o toallitas desinfectantes con el tel\u00e9fono dentro<\/li>\n<li>Permite la carga inductiva del tel\u00e9fono a trav\u00e9s de la tela mediante carga inal\u00e1mbrica<\/li>\n<li>Puntos de anclaje integrados<\/li>\n<li>Tecnolog\u00eda de cremallera silenciosa TRU<\/li>\n<\/ul>\n","protected":false},"featured_media":18122,"template":"","meta":[],"product_cat":[152,94,148],"product_tag":[],"class_list":{"0":"post-18121","1":"product","2":"type-product","3":"status-publish","4":"has-post-thumbnail","6":"product_brand-nite-ize","7":"product_cat-estuches-impermeables","8":"product_cat-productos","9":"product_cat-waterproof","11":"first","12":"outofstock","13":"shipping-taxable","14":"purchasable","15":"product-type-simple"},"_links":{"self":[{"href":"https:\/\/theoutdoorshubgt.com\/shop\/index.php\/wp-json\/wp\/v2\/product\/18121","targetHints":{"allow":["GET"]}}],"collection":[{"href":"https:\/\/theoutdoorshubgt.com\/shop\/index.php\/wp-json\/wp\/v2\/product"}],"about":[{"href":"https:\/\/theoutdoorshubgt.com\/shop\/index.php\/wp-json\/wp\/v2\/types\/product"}],"wp:featuredmedia":[{"embeddable":true,"href":"https:\/\/theoutdoorshubgt.com\/shop\/index.php\/wp-json\/wp\/v2\/media\/18122"}],"wp:attachment":[{"href":"https:\/\/theoutdoorshubgt.com\/shop\/index.php\/wp-json\/wp\/v2\/media?parent=18121"}],"wp:term":[{"taxonomy":"product_cat","embeddable":true,"href":"https:\/\/theoutdoorshubgt.com\/shop\/index.php\/wp-json\/wp\/v2\/product_cat?post=18121"},{"taxonomy":"product_tag","embeddable":true,"href":"https:\/\/theoutdoorshubgt.com\/shop\/index.php\/wp-json\/wp\/v2\/product_tag?post=18121"}],"curies":[{"name":"wp","href":"https:\/\/api.w.org\/{rel}","templated":true}]}}