{"id":18152,"date":"2025-04-10T16:40:32","date_gmt":"2025-04-10T22:40:32","guid":{"rendered":"https:\/\/theoutdoorshubgt.com\/shop\/?post_type=product&#038;p=18152"},"modified":"2026-04-11T16:53:32","modified_gmt":"2026-04-11T22:53:32","slug":"kuhl-relik-hoody","status":"publish","type":"product","link":"https:\/\/theoutdoorshubgt.com\/shop\/index.php\/product\/kuhl-relik-hoody\/","title":{"rendered":"KUHL RELIK\u2122 HOODY CARBON"},"content":{"rendered":"<p>La sudadera con capucha RELIK\u2122 est\u00e1 confeccionada con nuestro tejido softshell te\u00f1ido con p\u00e1tina vintage y un reverso de microfibra adherida para mayor comodidad y calidez en temperaturas fr\u00edas. Su dise\u00f1o articulado proporciona libertad de movimiento, mientras que los paneles el\u00e1sticos en las axilas ofrecen transpirabilidad. Su acabado impermeable ofrece una protecci\u00f3n moderada contra los elementos. Fabricada para deste\u00f1irse, adquiere una p\u00e1tina \u00fanica con el uso.<\/p>\n","protected":false},"excerpt":{"rendered":"<ul>\n<li>Softshell con doble te\u00f1ido Vintage Patina &#8211; &#8220;Hecho para deste\u00f1ir&#8221;<\/li>\n<li>Acabado impermeable que bloquea el viento<\/li>\n<li>Reverso de microfibra adherida para un tacto suave y mayor calidez<\/li>\n<li>Refuerzo el\u00e1stico en las axilas para mayor transpirabilidad y libertad de movimiento<\/li>\n<li>Mangas articuladas de cinco paneles exclusivas de K\u00dcHL para una mayor libertad de movimiento<\/li>\n<li>El sistema de doble cremallera K\u00dcHL permite un ajuste ajustable: ajustado o relajado<\/li>\n<li>Dise\u00f1o de capucha exclusivo de K\u00dcHL con cord\u00f3n ajustable para un ajuste personalizado<\/li>\n<li>Cremalleras YKK Metaluxe: una delantera central, dos bolsillos laterales y un bolsillo en el pecho<\/li>\n<li>Un bolsillo interior de seguridad con cremallera.<\/li>\n<\/ul>\n","protected":false},"featured_media":18160,"template":"","meta":[],"product_cat":[95,94,72],"product_tag":[],"class_list":{"0":"post-18152","1":"product","2":"type-product","3":"status-publish","4":"has-post-thumbnail","6":"product_brand-kuhl","7":"product_cat-chumpas","8":"product_cat-productos","9":"product_cat-ropa-tecnica-para-hombre","11":"first","12":"instock","13":"sale","14":"shipping-taxable","15":"purchasable","16":"product-type-variable"},"_links":{"self":[{"href":"https:\/\/theoutdoorshubgt.com\/shop\/index.php\/wp-json\/wp\/v2\/product\/18152","targetHints":{"allow":["GET"]}}],"collection":[{"href":"https:\/\/theoutdoorshubgt.com\/shop\/index.php\/wp-json\/wp\/v2\/product"}],"about":[{"href":"https:\/\/theoutdoorshubgt.com\/shop\/index.php\/wp-json\/wp\/v2\/types\/product"}],"wp:featuredmedia":[{"embeddable":true,"href":"https:\/\/theoutdoorshubgt.com\/shop\/index.php\/wp-json\/wp\/v2\/media\/18160"}],"wp:attachment":[{"href":"https:\/\/theoutdoorshubgt.com\/shop\/index.php\/wp-json\/wp\/v2\/media?parent=18152"}],"wp:term":[{"taxonomy":"product_cat","embeddable":true,"href":"https:\/\/theoutdoorshubgt.com\/shop\/index.php\/wp-json\/wp\/v2\/product_cat?post=18152"},{"taxonomy":"product_tag","embeddable":true,"href":"https:\/\/theoutdoorshubgt.com\/shop\/index.php\/wp-json\/wp\/v2\/product_tag?post=18152"}],"curies":[{"name":"wp","href":"https:\/\/api.w.org\/{rel}","templated":true}]}}