{"id":18202,"date":"2025-04-14T10:56:13","date_gmt":"2025-04-14T16:56:13","guid":{"rendered":"https:\/\/theoutdoorshubgt.com\/shop\/?post_type=product&#038;p=18202"},"modified":"2026-05-02T17:32:16","modified_gmt":"2026-05-02T23:32:16","slug":"sa-adventure-hat-cream-terrain","status":"publish","type":"product","link":"https:\/\/theoutdoorshubgt.com\/shop\/index.php\/product\/sa-adventure-hat-cream-terrain\/","title":{"rendered":"SA ADVENTURE HAT CREAM TERRAIN"},"content":{"rendered":"<p>\u00a1Este es el sombrero para el sol m\u00e1s reconocible del planeta! Quiz\u00e1s no lo veas en una pasarela parisina, pero has visto este original dise\u00f1o de Sunday Afternoons en aventureros de todo el mundo que saben c\u00f3mo disfrutar del clima sin perder la calma. Cada cent\u00edmetro de este sombrero est\u00e1 dise\u00f1ado para una protecci\u00f3n solar FUNcional: telas inteligentes, tallas personalizables, caracter\u00edsticas innovadoras y un dise\u00f1o que cuida el sol. Dondequiera que te lleven tus aventuras \u2014senderismo, correr r\u00e1pidos o una cita con un helado de caramelo salado en una terraza soleada\u2014\u00a0 Adventure Hat te tiene cubierto.<\/p>\n","protected":false},"excerpt":{"rendered":"<ul>\n<li>Capa de 10 cm de ala y 19 cm de cuello<\/li>\n<li>Certificaci\u00f3n UPF 50+, transpirable y resistente al sol (las rejillas de ventilaci\u00f3n de malla no est\u00e1n clasificadas)<\/li>\n<li>Ventilaci\u00f3n estrat\u00e9gica en la corona<\/li>\n<li>Resistente al agua y a las manchas<\/li>\n<li>Flota en el agua<\/li>\n<li>Repelente al agua duradero (DWR) sin PFAS<\/li>\n<li>Banda absorbente<\/li>\n<li>Banda absorbente<\/li>\n<li>Tama\u00f1o ajustable<\/li>\n<li>Peso: 85 g<\/li>\n<li>Tejido principal: 100 % nailon, malla de la corona: 100 % poli\u00e9ster<\/li>\n<li>Se pliega plana, no doble ni arrugue la ala<\/li>\n<li>Lavar a mano con agua fr\u00eda y secar al aire. No usar lej\u00eda, planchar ni limpiar en seco.<\/li>\n<\/ul>\n","protected":false},"featured_media":18204,"template":"","meta":[],"product_cat":[94,117,114],"product_tag":[],"class_list":{"0":"post-18202","1":"product","2":"type-product","3":"status-publish","4":"has-post-thumbnail","6":"product_brand-sunday-afternoons","7":"product_cat-productos","8":"product_cat-sombreros","9":"product_cat-sombreros-y-gorras","11":"first","12":"instock","13":"shipping-taxable","14":"purchasable","15":"product-type-variable"},"_links":{"self":[{"href":"https:\/\/theoutdoorshubgt.com\/shop\/index.php\/wp-json\/wp\/v2\/product\/18202","targetHints":{"allow":["GET"]}}],"collection":[{"href":"https:\/\/theoutdoorshubgt.com\/shop\/index.php\/wp-json\/wp\/v2\/product"}],"about":[{"href":"https:\/\/theoutdoorshubgt.com\/shop\/index.php\/wp-json\/wp\/v2\/types\/product"}],"wp:featuredmedia":[{"embeddable":true,"href":"https:\/\/theoutdoorshubgt.com\/shop\/index.php\/wp-json\/wp\/v2\/media\/18204"}],"wp:attachment":[{"href":"https:\/\/theoutdoorshubgt.com\/shop\/index.php\/wp-json\/wp\/v2\/media?parent=18202"}],"wp:term":[{"taxonomy":"product_cat","embeddable":true,"href":"https:\/\/theoutdoorshubgt.com\/shop\/index.php\/wp-json\/wp\/v2\/product_cat?post=18202"},{"taxonomy":"product_tag","embeddable":true,"href":"https:\/\/theoutdoorshubgt.com\/shop\/index.php\/wp-json\/wp\/v2\/product_tag?post=18202"}],"curies":[{"name":"wp","href":"https:\/\/api.w.org\/{rel}","templated":true}]}}