{"id":18227,"date":"2025-04-14T12:45:08","date_gmt":"2025-04-14T18:45:08","guid":{"rendered":"https:\/\/theoutdoorshubgt.com\/shop\/?post_type=product&#038;p=18227"},"modified":"2025-04-14T12:45:09","modified_gmt":"2025-04-14T18:45:09","slug":"sa-clear-creek-boonie-pumice-bluestone-terrain-m","status":"publish","type":"product","link":"https:\/\/theoutdoorshubgt.com\/shop\/index.php\/product\/sa-clear-creek-boonie-pumice-bluestone-terrain-m\/","title":{"rendered":"SA CLEAR CREEK BOONIE PUMICE\/BLUESTONE TERRAIN M"},"content":{"rendered":"<p>Sabemos que les gustan las opciones, as\u00ed que hemos dise\u00f1ado nuestra el sombrero reversible Clear Creek Boonie para que tengan dos looks en uno. Saquen un lado para pasear por la naturaleza y luego denle la vuelta al llegar a la cafeter\u00eda: ambos lados est\u00e1n confeccionados con telas de alto rendimiento que se ven y se sienten geniales. El cierre de cord\u00f3n ajustable se ajusta a tu medida y comodidad. La correa de barbilla la mantiene cerrada cuando est\u00e1s en movimiento, pero se desmonta para relajarte. \u00bfVas a alg\u00fan sitio? La Clear Creek se compacta completamente con tu itinerario de viaje.<\/p>\n","protected":false},"excerpt":{"rendered":"<ul>\n<li>Protecci\u00f3n solar UPF 50+<\/li>\n<li>Vista plegable de 7,6 cm<\/li>\n<li>Reversible (dos colores)<\/li>\n<li>Plegable<\/li>\n<li>Barboquejo extra\u00edble<\/li>\n<li>Tama\u00f1o ajustable<\/li>\n<li>Peso: 87,9 g<\/li>\n<li>88 % nailon, 12 % poli\u00e9ster<\/li>\n<li>Lavar a mano con agua fr\u00eda y secar al aire. No usar lej\u00eda, planchar ni limpiar en seco.<\/li>\n<\/ul>\n","protected":false},"featured_media":18229,"template":"","meta":[],"product_cat":[94,117,114],"product_tag":[],"class_list":{"0":"post-18227","1":"product","2":"type-product","3":"status-publish","4":"has-post-thumbnail","6":"product_brand-sunday-afternoons","7":"product_cat-productos","8":"product_cat-sombreros","9":"product_cat-sombreros-y-gorras","11":"first","12":"instock","13":"shipping-taxable","14":"purchasable","15":"product-type-simple"},"_links":{"self":[{"href":"https:\/\/theoutdoorshubgt.com\/shop\/index.php\/wp-json\/wp\/v2\/product\/18227","targetHints":{"allow":["GET"]}}],"collection":[{"href":"https:\/\/theoutdoorshubgt.com\/shop\/index.php\/wp-json\/wp\/v2\/product"}],"about":[{"href":"https:\/\/theoutdoorshubgt.com\/shop\/index.php\/wp-json\/wp\/v2\/types\/product"}],"wp:featuredmedia":[{"embeddable":true,"href":"https:\/\/theoutdoorshubgt.com\/shop\/index.php\/wp-json\/wp\/v2\/media\/18229"}],"wp:attachment":[{"href":"https:\/\/theoutdoorshubgt.com\/shop\/index.php\/wp-json\/wp\/v2\/media?parent=18227"}],"wp:term":[{"taxonomy":"product_cat","embeddable":true,"href":"https:\/\/theoutdoorshubgt.com\/shop\/index.php\/wp-json\/wp\/v2\/product_cat?post=18227"},{"taxonomy":"product_tag","embeddable":true,"href":"https:\/\/theoutdoorshubgt.com\/shop\/index.php\/wp-json\/wp\/v2\/product_tag?post=18227"}],"curies":[{"name":"wp","href":"https:\/\/api.w.org\/{rel}","templated":true}]}}