{"id":18232,"date":"2025-04-14T15:28:59","date_gmt":"2025-04-14T21:28:59","guid":{"rendered":"https:\/\/theoutdoorshubgt.com\/shop\/?post_type=product&#038;p=18232"},"modified":"2025-04-14T15:28:59","modified_gmt":"2025-04-14T21:28:59","slug":"sa-cruiser-hat-quarry","status":"publish","type":"product","link":"https:\/\/theoutdoorshubgt.com\/shop\/index.php\/product\/sa-cruiser-hat-quarry\/","title":{"rendered":"SA CRUISER HAT QUARRY"},"content":{"rendered":"<p>Simplicidad definida para todas tus aventuras en climas c\u00e1lidos. Esta maravilla ligera es un experto en gesti\u00f3n de la humedad con ventilaci\u00f3n estrat\u00e9gica y banda absorbente. Cuando busques alivio cerca del agua, puedes relajarte sabiendo que tu Cruiser flotar\u00e1 si se te escapa. Es una gorra que no olvidar\u00e1s jam\u00e1s.<\/p>\n","protected":false},"excerpt":{"rendered":"<ul>\n<li>Visera frontal y lateral de 6,35 cm, visera trasera de 8,9 cm\/n\u00facleo de espuma flotante con alambre de poli\u00e9ster<\/li>\n<li>Certificaci\u00f3n UPF 50+ (las rejillas de ventilaci\u00f3n de malla no est\u00e1n clasificadas)<\/li>\n<li>Ventilaci\u00f3n estrat\u00e9gica de malla<\/li>\n<li>Repelente al agua\/Resistente a las manchas<\/li>\n<li>Banda de sudor de malla absorbente integrada<\/li>\n<li>Se pliega completamente para viajar<\/li>\n<li>Barboquejo con cierre de cord\u00f3n<\/li>\n<li>Cierre de cord\u00f3n trasero ajustable<\/li>\n<li>Dise\u00f1ado en EE. UU.\/Importado<\/li>\n<li>Peso: 104,9 g<\/li>\n<li>Cuerpo: 100 % nailon, ventilaci\u00f3n de malla: 100 % poli\u00e9ster<\/li>\n<li>Se pliega completamente, no doble ni arrugue la visera<\/li>\n<li>Lavar a mano con agua fr\u00eda y secar al aire. No usar lej\u00eda, planchar ni limpiar en seco.<\/li>\n<\/ul>\n","protected":false},"featured_media":18234,"template":"","meta":[],"product_cat":[94,117,114],"product_tag":[],"class_list":{"0":"post-18232","1":"product","2":"type-product","3":"status-publish","4":"has-post-thumbnail","6":"product_cat-productos","7":"product_cat-sombreros","8":"product_cat-sombreros-y-gorras","10":"first","11":"instock","12":"shipping-taxable","13":"purchasable","14":"product-type-variable"},"_links":{"self":[{"href":"https:\/\/theoutdoorshubgt.com\/shop\/index.php\/wp-json\/wp\/v2\/product\/18232","targetHints":{"allow":["GET"]}}],"collection":[{"href":"https:\/\/theoutdoorshubgt.com\/shop\/index.php\/wp-json\/wp\/v2\/product"}],"about":[{"href":"https:\/\/theoutdoorshubgt.com\/shop\/index.php\/wp-json\/wp\/v2\/types\/product"}],"wp:featuredmedia":[{"embeddable":true,"href":"https:\/\/theoutdoorshubgt.com\/shop\/index.php\/wp-json\/wp\/v2\/media\/18234"}],"wp:attachment":[{"href":"https:\/\/theoutdoorshubgt.com\/shop\/index.php\/wp-json\/wp\/v2\/media?parent=18232"}],"wp:term":[{"taxonomy":"product_cat","embeddable":true,"href":"https:\/\/theoutdoorshubgt.com\/shop\/index.php\/wp-json\/wp\/v2\/product_cat?post=18232"},{"taxonomy":"product_tag","embeddable":true,"href":"https:\/\/theoutdoorshubgt.com\/shop\/index.php\/wp-json\/wp\/v2\/product_tag?post=18232"}],"curies":[{"name":"wp","href":"https:\/\/api.w.org\/{rel}","templated":true}]}}