{"id":18238,"date":"2025-04-14T16:05:12","date_gmt":"2025-04-14T22:05:12","guid":{"rendered":"https:\/\/theoutdoorshubgt.com\/shop\/?post_type=product&#038;p=18238"},"modified":"2026-05-02T17:26:47","modified_gmt":"2026-05-02T23:26:47","slug":"sa-eclipse-cap-desert-sage","status":"publish","type":"product","link":"https:\/\/theoutdoorshubgt.com\/shop\/index.php\/product\/sa-eclipse-cap-desert-sage\/","title":{"rendered":"SA ECLIPSE CAP DESERT SAGE"},"content":{"rendered":"<p>Quer\u00edamos una gorra de alto rendimiento, as\u00ed que incorporamos varias de nuestras tecnolog\u00edas favoritas en la Eclipse. Nuestro sistema Convertible Ventilation\u2122 cubre la gorra para protegerte del sol y se abre cuando se necesita ventilaci\u00f3n. La visera Clamshell Brim\u2122 te permite guardarla en el bolsillo trasero o en el rinc\u00f3n m\u00e1s apartado de tu maleta. Su dise\u00f1o c\u00f3modo para las orejas te mantiene c\u00f3modo hasta el final del viaje.<\/p>\n","protected":false},"excerpt":{"rendered":"<ul>\n<li>Visera plegable Clamshell Brim\u2122 de 7,6 cm<\/li>\n<li>Certificaci\u00f3n UPF 50+ para la protecci\u00f3n solar (las rejillas de ventilaci\u00f3n de malla no est\u00e1n clasificadas)<\/li>\n<li>Ventilaci\u00f3n Convertible\u2122<\/li>\n<li>Microfibra transpirable de alto rendimiento<\/li>\n<li>Tejido 100 % reciclado con absorci\u00f3n de humedad<\/li>\n<li>Forro de banda absorbente integrado<\/li>\n<li>Tama\u00f1o ajustable<\/li>\n<li>Perfil c\u00f3modo para los o\u00eddos<\/li>\n<li>Vista plegable para un almacenamiento compacto<\/li>\n<li>Lavar a mano con agua fr\u00eda y secar al aire. No usar lej\u00eda, planchar ni limpiar en seco.<\/li>\n<\/ul>\n","protected":false},"featured_media":18243,"template":"","meta":[],"product_cat":[116,94,114],"product_tag":[],"class_list":{"0":"post-18238","1":"product","2":"type-product","3":"status-publish","4":"has-post-thumbnail","6":"product_brand-sunday-afternoons","7":"product_cat-gorras","8":"product_cat-productos","9":"product_cat-sombreros-y-gorras","11":"first","12":"instock","13":"shipping-taxable","14":"purchasable","15":"product-type-variable"},"_links":{"self":[{"href":"https:\/\/theoutdoorshubgt.com\/shop\/index.php\/wp-json\/wp\/v2\/product\/18238","targetHints":{"allow":["GET"]}}],"collection":[{"href":"https:\/\/theoutdoorshubgt.com\/shop\/index.php\/wp-json\/wp\/v2\/product"}],"about":[{"href":"https:\/\/theoutdoorshubgt.com\/shop\/index.php\/wp-json\/wp\/v2\/types\/product"}],"wp:featuredmedia":[{"embeddable":true,"href":"https:\/\/theoutdoorshubgt.com\/shop\/index.php\/wp-json\/wp\/v2\/media\/18243"}],"wp:attachment":[{"href":"https:\/\/theoutdoorshubgt.com\/shop\/index.php\/wp-json\/wp\/v2\/media?parent=18238"}],"wp:term":[{"taxonomy":"product_cat","embeddable":true,"href":"https:\/\/theoutdoorshubgt.com\/shop\/index.php\/wp-json\/wp\/v2\/product_cat?post=18238"},{"taxonomy":"product_tag","embeddable":true,"href":"https:\/\/theoutdoorshubgt.com\/shop\/index.php\/wp-json\/wp\/v2\/product_tag?post=18238"}],"curies":[{"name":"wp","href":"https:\/\/api.w.org\/{rel}","templated":true}]}}