{"id":18281,"date":"2025-04-22T17:16:36","date_gmt":"2025-04-22T23:16:36","guid":{"rendered":"https:\/\/theoutdoorshubgt.com\/shop\/?post_type=product&#038;p=18281"},"modified":"2025-04-22T17:21:19","modified_gmt":"2025-04-22T23:21:19","slug":"sa-islander-caramel","status":"publish","type":"product","link":"https:\/\/theoutdoorshubgt.com\/shop\/index.php\/product\/sa-islander-caramel\/","title":{"rendered":"SA ISLANDER CARAMEL"},"content":{"rendered":"<p>Lleva el sombrero Islander de Sunday Afternoons a tu pr\u00f3xima aventura al aire libre. Este sombrero es perfecto para pescar o hacer senderismo en d\u00edas c\u00e1lidos. Se puede colgar del cuello cuando no se usa y se adapta a la perfecci\u00f3n a las inclemencias del tiempo. Un sombrero de paja resistente con un dise\u00f1o elegante y estilizado, el Islander Hat est\u00e1 hecho en M\u00e9xico con paja tripilla 100% natural. Con la protecci\u00f3n solar UPF 50+ que esperas y nuestra banda el\u00e1stica para el sudor, este cl\u00e1sico sombrero proporciona una amplia sombra y un ajuste perfecto, ya sea que est\u00e9s caminando por la playa o de paseo por la ciudad.<\/p>\n<p>&nbsp;<\/p>\n","protected":false},"excerpt":{"rendered":"<ul>\n<li>Protecci\u00f3n solar UPF 50+<\/li>\n<li>Ala fedora de 7,6 cm<\/li>\n<li>Paja tripilla 100 % natural<\/li>\n<li>Cinta\/barbiquejo de cuero de una sola pieza<\/li>\n<li>Banda el\u00e1stica para el sudor para un ajuste personalizado<\/li>\n<li>Hecho en M\u00e9xico con fibras locales<\/li>\n<li>Paja tripilla 100 % natural (el color puede variar con la paja natural)<\/li>\n<li>No lavar, blanquear, planchar ni limpiar en seco. Evitar la humedad. Secar al aire si est\u00e1 mojado.<\/li>\n<\/ul>\n","protected":false},"featured_media":18285,"template":"","meta":[],"product_cat":[94,117,114],"product_tag":[],"class_list":{"0":"post-18281","1":"product","2":"type-product","3":"status-publish","4":"has-post-thumbnail","6":"product_brand-sunday-afternoons","7":"product_cat-productos","8":"product_cat-sombreros","9":"product_cat-sombreros-y-gorras","11":"first","12":"instock","13":"shipping-taxable","14":"purchasable","15":"product-type-variable"},"_links":{"self":[{"href":"https:\/\/theoutdoorshubgt.com\/shop\/index.php\/wp-json\/wp\/v2\/product\/18281","targetHints":{"allow":["GET"]}}],"collection":[{"href":"https:\/\/theoutdoorshubgt.com\/shop\/index.php\/wp-json\/wp\/v2\/product"}],"about":[{"href":"https:\/\/theoutdoorshubgt.com\/shop\/index.php\/wp-json\/wp\/v2\/types\/product"}],"wp:featuredmedia":[{"embeddable":true,"href":"https:\/\/theoutdoorshubgt.com\/shop\/index.php\/wp-json\/wp\/v2\/media\/18285"}],"wp:attachment":[{"href":"https:\/\/theoutdoorshubgt.com\/shop\/index.php\/wp-json\/wp\/v2\/media?parent=18281"}],"wp:term":[{"taxonomy":"product_cat","embeddable":true,"href":"https:\/\/theoutdoorshubgt.com\/shop\/index.php\/wp-json\/wp\/v2\/product_cat?post=18281"},{"taxonomy":"product_tag","embeddable":true,"href":"https:\/\/theoutdoorshubgt.com\/shop\/index.php\/wp-json\/wp\/v2\/product_tag?post=18281"}],"curies":[{"name":"wp","href":"https:\/\/api.w.org\/{rel}","templated":true}]}}