{"id":18296,"date":"2025-04-23T10:11:42","date_gmt":"2025-04-23T16:11:42","guid":{"rendered":"https:\/\/theoutdoorshubgt.com\/shop\/?post_type=product&#038;p=18296"},"modified":"2025-04-23T10:22:09","modified_gmt":"2025-04-23T16:22:09","slug":"sa-kids-fun-bucket-hat-ruffn-it","status":"publish","type":"product","link":"https:\/\/theoutdoorshubgt.com\/shop\/index.php\/product\/sa-kids-fun-bucket-hat-ruffn-it\/","title":{"rendered":"SA KIDS&#8217; FUN BUCKET HAT RUFF&#8217;N IT"},"content":{"rendered":"<p>Un sombrero sencillo para las necesidades b\u00e1sicas de los ni\u00f1os. Plegable, flotable, resistente al agua y a las manchas, transpirable y, \u00a1s\u00ed, adorable! Ni siquiera tienen que saber que protege del sol, pero t\u00fa tendr\u00e1s esa tranquilidad. Con su dise\u00f1o para llevar a todas partes, los ni\u00f1os no olvidar\u00e1n su Fun Bucket.<\/p>\n","protected":false},"excerpt":{"rendered":"<ul>\n<li>Visera flexible de 6,35 cm con n\u00facleo de espuma flotante<\/li>\n<li>Certificaci\u00f3n UPF 50+ (no incluye rejillas de ventilaci\u00f3n de malla)<\/li>\n<li>Paneles de ventilaci\u00f3n de malla estrat\u00e9gica en tallas para ni\u00f1os y j\u00f3venes<\/li>\n<li>Repelente al agua \/ Resistente a las manchas<\/li>\n<li>Flota en el agua<\/li>\n<li>Tecnolog\u00eda de barboquejo Smartstrap\u00ae<\/li>\n<li>Banda de ajuste externo para un ajuste personalizado<\/li>\n<li>Apto para cochecitos de beb\u00e9<\/li>\n<li>Partes lisas: 100 % nailon \/ Estampados: 100 % poli\u00e9ster<\/li>\n<li>Ajustable<\/li>\n<li>Lavar a mano con agua fr\u00eda y secar al aire. No usar lej\u00eda, planchar ni limpiar en seco.<\/li>\n<\/ul>\n","protected":false},"featured_media":18300,"template":"","meta":[],"product_cat":[94,363,114],"product_tag":[],"class_list":{"0":"post-18296","1":"product","2":"type-product","3":"status-publish","4":"has-post-thumbnail","6":"product_brand-sunday-afternoons","7":"product_cat-productos","8":"product_cat-sombreros-para-ninos","9":"product_cat-sombreros-y-gorras","11":"first","12":"instock","13":"shipping-taxable","14":"purchasable","15":"product-type-variable"},"_links":{"self":[{"href":"https:\/\/theoutdoorshubgt.com\/shop\/index.php\/wp-json\/wp\/v2\/product\/18296","targetHints":{"allow":["GET"]}}],"collection":[{"href":"https:\/\/theoutdoorshubgt.com\/shop\/index.php\/wp-json\/wp\/v2\/product"}],"about":[{"href":"https:\/\/theoutdoorshubgt.com\/shop\/index.php\/wp-json\/wp\/v2\/types\/product"}],"wp:featuredmedia":[{"embeddable":true,"href":"https:\/\/theoutdoorshubgt.com\/shop\/index.php\/wp-json\/wp\/v2\/media\/18300"}],"wp:attachment":[{"href":"https:\/\/theoutdoorshubgt.com\/shop\/index.php\/wp-json\/wp\/v2\/media?parent=18296"}],"wp:term":[{"taxonomy":"product_cat","embeddable":true,"href":"https:\/\/theoutdoorshubgt.com\/shop\/index.php\/wp-json\/wp\/v2\/product_cat?post=18296"},{"taxonomy":"product_tag","embeddable":true,"href":"https:\/\/theoutdoorshubgt.com\/shop\/index.php\/wp-json\/wp\/v2\/product_tag?post=18296"}],"curies":[{"name":"wp","href":"https:\/\/api.w.org\/{rel}","templated":true}]}}