{"id":18312,"date":"2025-04-23T11:13:03","date_gmt":"2025-04-23T17:13:03","guid":{"rendered":"https:\/\/theoutdoorshubgt.com\/shop\/?post_type=product&#038;p=18312"},"modified":"2026-04-25T10:40:48","modified_gmt":"2026-04-25T16:40:48","slug":"sa-kids-natural-blend-cape-summer-slice-dusty-pink-m-l","status":"publish","type":"product","link":"https:\/\/theoutdoorshubgt.com\/shop\/index.php\/product\/sa-kids-natural-blend-cape-summer-slice-dusty-pink-m-l\/","title":{"rendered":"SA KIDS&#8217; NATURAL BLEND CAPE SUMMER SLICE\/DUSTY PINK M\/L"},"content":{"rendered":"<p>La capa infantil de mezcla natural ofrece protecci\u00f3n solar FPS 50+ y es reversible. Fabricada con tejido de algod\u00f3n natural\/poli\u00e9ster reciclado en el lado liso y 100 % poli\u00e9ster reciclado en el lado estampado, es repelente al agua duradero y libre de PFAS. Adem\u00e1s, incluye nuestro sistema patentado Flip Lock Brim\u2122 y la correa de barbilla desmontable SmartStrap\u00ae.<\/p>\n","protected":false},"excerpt":{"rendered":"<ul>\n<li>Protecci\u00f3n solar UPF 50+<\/li>\n<li>Ala FlipLock\u2122 de 8,5 cm (3\u00bc&#8221;) y capa para el cuello de 13 cm (5&#8243;)<\/li>\n<li>La ala se puede usar hacia arriba o hacia abajo<\/li>\n<li>Exterior de poli\u00e9ster reciclado, interior de algod\u00f3n natural\/poli\u00e9ster reciclado<\/li>\n<li>Reversible para dos maneras de usarla<\/li>\n<li>Correa de barbilla desmontable SmartStrap\u00ae<\/li>\n<li>Repelente al agua duradero (DWR) sin PFAS<\/li>\n<li>Talla ajustable y el\u00e1stica<\/li>\n<li>Cuerpo A: 100 % poli\u00e9ster; Cuerpo B: 52 % algod\u00f3n\/48 % poli\u00e9ster (sin decoraci\u00f3n)<\/li>\n<li>Se pliega plano, no doble ni arrugue la ala<\/li>\n<li>Lavar a mano con agua fr\u00eda y secar al aire. No usar lej\u00eda, planchar ni limpiar en seco.<\/li>\n<\/ul>\n","protected":false},"featured_media":18308,"template":"","meta":[],"product_cat":[94,363,114],"product_tag":[],"class_list":{"0":"post-18312","1":"product","2":"type-product","3":"status-publish","4":"has-post-thumbnail","6":"product_brand-sunday-afternoons","7":"product_cat-productos","8":"product_cat-sombreros-para-ninos","9":"product_cat-sombreros-y-gorras","11":"first","12":"outofstock","13":"shipping-taxable","14":"purchasable","15":"product-type-variable"},"_links":{"self":[{"href":"https:\/\/theoutdoorshubgt.com\/shop\/index.php\/wp-json\/wp\/v2\/product\/18312","targetHints":{"allow":["GET"]}}],"collection":[{"href":"https:\/\/theoutdoorshubgt.com\/shop\/index.php\/wp-json\/wp\/v2\/product"}],"about":[{"href":"https:\/\/theoutdoorshubgt.com\/shop\/index.php\/wp-json\/wp\/v2\/types\/product"}],"wp:featuredmedia":[{"embeddable":true,"href":"https:\/\/theoutdoorshubgt.com\/shop\/index.php\/wp-json\/wp\/v2\/media\/18308"}],"wp:attachment":[{"href":"https:\/\/theoutdoorshubgt.com\/shop\/index.php\/wp-json\/wp\/v2\/media?parent=18312"}],"wp:term":[{"taxonomy":"product_cat","embeddable":true,"href":"https:\/\/theoutdoorshubgt.com\/shop\/index.php\/wp-json\/wp\/v2\/product_cat?post=18312"},{"taxonomy":"product_tag","embeddable":true,"href":"https:\/\/theoutdoorshubgt.com\/shop\/index.php\/wp-json\/wp\/v2\/product_tag?post=18312"}],"curies":[{"name":"wp","href":"https:\/\/api.w.org\/{rel}","templated":true}]}}