{"id":18314,"date":"2025-04-23T11:45:40","date_gmt":"2025-04-23T17:45:40","guid":{"rendered":"https:\/\/theoutdoorshubgt.com\/shop\/?post_type=product&#038;p=18314"},"modified":"2025-04-23T11:45:41","modified_gmt":"2025-04-23T17:45:41","slug":"sa-kids-play-hat-llama-flow","status":"publish","type":"product","link":"https:\/\/theoutdoorshubgt.com\/shop\/index.php\/product\/sa-kids-play-hat-llama-flow\/","title":{"rendered":"SA KIDS&#8217; PLAY HAT LLAMA FLOW"},"content":{"rendered":"<p>Nuestro \u00e9xito de ventas n\u00famero 1 por una raz\u00f3n: a los ni\u00f1os les encanta jugar bajo el sol y a los padres les encanta protegerlos. La tela resistente al sol y el dise\u00f1o del sombrero mantienen a los aventureros natos seguros y felices todo el d\u00eda. Detalles a prueba de juegos como la correa de barbilla desmontable, la banda de tama\u00f1o personalizable, la visera flotante y la resistencia a las manchas garantizan que este sombrero dure todo el verano. El velo trasero no solo protege los cuellos de los peque\u00f1os de los rayos, sino que tambi\u00e9n permite que el sombrero se ajuste c\u00f3modamente a la carriola. \u00bfY qu\u00e9 decir? \u00a1Una monada!<\/p>\n","protected":false},"excerpt":{"rendered":"<ul>\n<li>Ala inclinada de 6,35 a 9,5 cm con n\u00facleo de espuma flotante (la longitud de la ala depende de la talla)<\/li>\n<li>Velo de cuello completo de 14,75 a 15 cm para proteger la nuca (la longitud del velo depende de la talla)<\/li>\n<li>Certificaci\u00f3n UPF 50+ (las rejillas de ventilaci\u00f3n de malla no est\u00e1n clasificadas)<\/li>\n<li>Ventilaci\u00f3n estrat\u00e9gica de malla en tallas para ni\u00f1os y j\u00f3venes<\/li>\n<li>Repelente al agua\/Resistente a las manchas<\/li>\n<li>Tecnolog\u00eda de barboquejo Smartstrap\u00ae Breakaway<\/li>\n<li>Ideal para cochecitos de beb\u00e9<\/li>\n<li>Tama\u00f1o ajustable<\/li>\n<li>S\u00f3lidos: 100 % nailon \/ Estampados: 100 % poli\u00e9ster<\/li>\n<li>Se pliega para viajar; no doble ni arrugue la ala.<\/li>\n<li>Lavar a mano con agua fr\u00eda y secar al aire. No usar lej\u00eda, planchar ni limpiar en seco.<\/li>\n<\/ul>\n","protected":false},"featured_media":18319,"template":"","meta":[],"product_cat":[94,363,114],"product_tag":[],"class_list":{"0":"post-18314","1":"product","2":"type-product","3":"status-publish","4":"has-post-thumbnail","6":"product_brand-sunday-afternoons","7":"product_cat-productos","8":"product_cat-sombreros-para-ninos","9":"product_cat-sombreros-y-gorras","11":"first","12":"instock","13":"shipping-taxable","14":"purchasable","15":"product-type-variable"},"_links":{"self":[{"href":"https:\/\/theoutdoorshubgt.com\/shop\/index.php\/wp-json\/wp\/v2\/product\/18314","targetHints":{"allow":["GET"]}}],"collection":[{"href":"https:\/\/theoutdoorshubgt.com\/shop\/index.php\/wp-json\/wp\/v2\/product"}],"about":[{"href":"https:\/\/theoutdoorshubgt.com\/shop\/index.php\/wp-json\/wp\/v2\/types\/product"}],"wp:featuredmedia":[{"embeddable":true,"href":"https:\/\/theoutdoorshubgt.com\/shop\/index.php\/wp-json\/wp\/v2\/media\/18319"}],"wp:attachment":[{"href":"https:\/\/theoutdoorshubgt.com\/shop\/index.php\/wp-json\/wp\/v2\/media?parent=18314"}],"wp:term":[{"taxonomy":"product_cat","embeddable":true,"href":"https:\/\/theoutdoorshubgt.com\/shop\/index.php\/wp-json\/wp\/v2\/product_cat?post=18314"},{"taxonomy":"product_tag","embeddable":true,"href":"https:\/\/theoutdoorshubgt.com\/shop\/index.php\/wp-json\/wp\/v2\/product_tag?post=18314"}],"curies":[{"name":"wp","href":"https:\/\/api.w.org\/{rel}","templated":true}]}}