{"id":18326,"date":"2025-04-23T12:27:13","date_gmt":"2025-04-23T18:27:13","guid":{"rendered":"https:\/\/theoutdoorshubgt.com\/shop\/?post_type=product&#038;p=18326"},"modified":"2025-04-23T12:27:16","modified_gmt":"2025-04-23T18:27:16","slug":"sa-kids-ultra-adventure-hat-charcoal-peaks","status":"publish","type":"product","link":"https:\/\/theoutdoorshubgt.com\/shop\/index.php\/product\/sa-kids-ultra-adventure-hat-charcoal-peaks\/","title":{"rendered":"SA KIDS&#8217; ULTRA ADVENTURE HAT CHARCOAL PEAKS"},"content":{"rendered":"<p>Nuestro objetivo es que toda la familia disfrute de la aventura, por eso hemos redise\u00f1ado nuestro sombrero Ultra Adventure, el m\u00e1s vendido, \u00a1solo para ni\u00f1os! Este vers\u00e1til sombrero ofrece protecci\u00f3n solar UPF 50+, ventilaci\u00f3n en la corona y una c\u00f3moda banda absorbente. Fabricado con tejido bluesign\u00ae y repelente al agua duradero (DWR) ecol\u00f3gico y sin PFAS, su ala plegable permite guardarlo en un espacio reducido. Los paneles reflectantes mantienen a los ni\u00f1os visibles en condiciones de poca luz.<\/p>\n","protected":false},"excerpt":{"rendered":"<ul>\n<li>Protecci\u00f3n solar UPF 50+ (incluye malla)<\/li>\n<li>Ala de 8,9 cm y capa de cuello de 14,7 cm<\/li>\n<li>Detalles reflectantes<\/li>\n<li>Banda transpirable<\/li>\n<li>Repelente al agua duradero (DWR) sin PFAS<\/li>\n<li>Tama\u00f1o ajustable<\/li>\n<li>Tejido bluesign\u00ae<\/li>\n<li>Cuerpo: 88 % nailon, 12 % poli\u00e9ster; malla de la corona: 100 % poli\u00e9ster<\/li>\n<li>Ala plegable para un almacenamiento compacto<\/li>\n<li>Lavar a mano con agua fr\u00eda y secar al aire. No usar lej\u00eda, planchar ni limpiar en seco.<\/li>\n<\/ul>\n","protected":false},"featured_media":18328,"template":"","meta":[],"product_cat":[94,363,114],"product_tag":[],"class_list":{"0":"post-18326","1":"product","2":"type-product","3":"status-publish","4":"has-post-thumbnail","6":"product_brand-sunday-afternoons","7":"product_cat-productos","8":"product_cat-sombreros-para-ninos","9":"product_cat-sombreros-y-gorras","11":"first","12":"instock","13":"shipping-taxable","14":"purchasable","15":"product-type-variable"},"_links":{"self":[{"href":"https:\/\/theoutdoorshubgt.com\/shop\/index.php\/wp-json\/wp\/v2\/product\/18326","targetHints":{"allow":["GET"]}}],"collection":[{"href":"https:\/\/theoutdoorshubgt.com\/shop\/index.php\/wp-json\/wp\/v2\/product"}],"about":[{"href":"https:\/\/theoutdoorshubgt.com\/shop\/index.php\/wp-json\/wp\/v2\/types\/product"}],"wp:featuredmedia":[{"embeddable":true,"href":"https:\/\/theoutdoorshubgt.com\/shop\/index.php\/wp-json\/wp\/v2\/media\/18328"}],"wp:attachment":[{"href":"https:\/\/theoutdoorshubgt.com\/shop\/index.php\/wp-json\/wp\/v2\/media?parent=18326"}],"wp:term":[{"taxonomy":"product_cat","embeddable":true,"href":"https:\/\/theoutdoorshubgt.com\/shop\/index.php\/wp-json\/wp\/v2\/product_cat?post=18326"},{"taxonomy":"product_tag","embeddable":true,"href":"https:\/\/theoutdoorshubgt.com\/shop\/index.php\/wp-json\/wp\/v2\/product_tag?post=18326"}],"curies":[{"name":"wp","href":"https:\/\/api.w.org\/{rel}","templated":true}]}}