{"id":18336,"date":"2025-04-24T10:16:32","date_gmt":"2025-04-24T16:16:32","guid":{"rendered":"https:\/\/theoutdoorshubgt.com\/shop\/?post_type=product&#038;p=18336"},"modified":"2025-04-24T10:16:33","modified_gmt":"2025-04-24T16:16:33","slug":"sa-natural-blend-cape-saltwater-blue-speckles-m-l","status":"publish","type":"product","link":"https:\/\/theoutdoorshubgt.com\/shop\/index.php\/product\/sa-natural-blend-cape-saltwater-blue-speckles-m-l\/","title":{"rendered":"SA NATURAL BLEND CAPE SALTWATER\/BLUE SPECKLES M\/L"},"content":{"rendered":"<p>La capa Natural Blend es una prenda reversible h\u00edbrida, confeccionada con tela de algod\u00f3n natural y poli\u00e9ster reciclado en el lado liso y 100 % poli\u00e9ster reciclado en el lado estampado. Resistente al agua y libre de PFAS, esta capa tambi\u00e9n cuenta con el pr\u00e1ctico cierre Flip Lock Brim\u2122, ideal para llevarla puesta.<\/p>\n","protected":false},"excerpt":{"rendered":"<ul>\n<li>Protecci\u00f3n solar UPF 50+<\/li>\n<li>Vista FlipLock\u2122 de 10 cm (4&#8243;) y capa para el cuello de 16 cm (6\u00bc&#8221;)<\/li>\n<li>Vista que se puede usar hacia arriba o hacia abajo<\/li>\n<li>Exterior de algod\u00f3n natural\/poli\u00e9ster reciclado, interior de poli\u00e9ster reciclado<\/li>\n<li>Reversible para dos maneras de usar<\/li>\n<li>Repelente al agua duradero (DWR) sin PFAS<\/li>\n<li>Talla ajustable y el\u00e1stica<\/li>\n<li>Exterior del cuerpo: 52% algod\u00f3n\/48% poli\u00e9ster; Interior del cuerpo: 100% poli\u00e9ster (sin decoraci\u00f3n)<\/li>\n<li>Se pliega plano, no doble ni arrugue la visera<\/li>\n<li>Lavar a mano con agua fr\u00eda, secar al aire. No usar lej\u00eda, planchar ni limpiar en seco.<\/li>\n<\/ul>\n","protected":false},"featured_media":18340,"template":"","meta":[],"product_cat":[94,117,114],"product_tag":[],"class_list":{"0":"post-18336","1":"product","2":"type-product","3":"status-publish","4":"has-post-thumbnail","6":"product_brand-sunday-afternoons","7":"product_cat-productos","8":"product_cat-sombreros","9":"product_cat-sombreros-y-gorras","11":"first","12":"instock","13":"shipping-taxable","14":"purchasable","15":"product-type-variable"},"_links":{"self":[{"href":"https:\/\/theoutdoorshubgt.com\/shop\/index.php\/wp-json\/wp\/v2\/product\/18336","targetHints":{"allow":["GET"]}}],"collection":[{"href":"https:\/\/theoutdoorshubgt.com\/shop\/index.php\/wp-json\/wp\/v2\/product"}],"about":[{"href":"https:\/\/theoutdoorshubgt.com\/shop\/index.php\/wp-json\/wp\/v2\/types\/product"}],"wp:featuredmedia":[{"embeddable":true,"href":"https:\/\/theoutdoorshubgt.com\/shop\/index.php\/wp-json\/wp\/v2\/media\/18340"}],"wp:attachment":[{"href":"https:\/\/theoutdoorshubgt.com\/shop\/index.php\/wp-json\/wp\/v2\/media?parent=18336"}],"wp:term":[{"taxonomy":"product_cat","embeddable":true,"href":"https:\/\/theoutdoorshubgt.com\/shop\/index.php\/wp-json\/wp\/v2\/product_cat?post=18336"},{"taxonomy":"product_tag","embeddable":true,"href":"https:\/\/theoutdoorshubgt.com\/shop\/index.php\/wp-json\/wp\/v2\/product_tag?post=18336"}],"curies":[{"name":"wp","href":"https:\/\/api.w.org\/{rel}","templated":true}]}}