{"id":18364,"date":"2025-04-24T11:15:07","date_gmt":"2025-04-24T17:15:07","guid":{"rendered":"https:\/\/theoutdoorshubgt.com\/shop\/?post_type=product&#038;p=18364"},"modified":"2026-03-04T18:28:33","modified_gmt":"2026-03-05T00:28:33","slug":"sa-sun-tripper-cap-mineral-gray","status":"publish","type":"product","link":"https:\/\/theoutdoorshubgt.com\/shop\/index.php\/product\/sa-sun-tripper-cap-mineral-gray\/","title":{"rendered":"SA SUN TRIPPER CAP MINERAL\/GRAY"},"content":{"rendered":"<p>La gorra Sun Tripper es ideal para los senderos rurales y para disfrutar de una tarde con amigos despu\u00e9s del trabajo. Su innovadora visera Clamshell Brim\u2122 se pliega casi por completo para que tengas una protecci\u00f3n solar fiable, sin importar ad\u00f3nde te lleve el d\u00eda. Las telas de alto rendimiento y el dise\u00f1o ventilado garantizan un ajuste c\u00f3modo y un estilo excepcional. \u00bfElegante y atractiva? \u00a1Esta es una gorra que puedes llevar a casa para conocer a tu mam\u00e1!<\/p>\n","protected":false},"excerpt":{"rendered":"<ul>\n<li>Clasificaci\u00f3n solar certificada UPF 50+ (las ventilaciones de malla no est\u00e1n clasificadas)<\/li>\n<li>Vista plegable tipo concha de 6,35 cm (2 \u00bc&#8221;)<\/li>\n<li>Ventilaci\u00f3n oculta en la corona<\/li>\n<li>El sistema Sunglass Lock\u2122 mantiene las gafas en su lugar<\/li>\n<li>Bolsillo interior en la corona<\/li>\n<li>Acabado repelente al agua duradero sin PFAS<\/li>\n<li>Tama\u00f1o ajustable<\/li>\n<li>Tejido del cuerpo principal con certificaci\u00f3n Bluesign (solo prendas lisas), malla y banda para el sudor<\/li>\n<li>Tejido principal: 100 % nailon; Forro: 100 % poli\u00e9ster<\/li>\n<li>Lavar a mano con agua fr\u00eda y secar al aire. No usar lej\u00eda, planchar ni limpiar en seco.<\/li>\n<\/ul>\n","protected":false},"featured_media":18369,"template":"","meta":[],"product_cat":[116,94,114],"product_tag":[],"class_list":{"0":"post-18364","1":"product","2":"type-product","3":"status-publish","4":"has-post-thumbnail","6":"product_brand-sunday-afternoons","7":"product_cat-gorras","8":"product_cat-productos","9":"product_cat-sombreros-y-gorras","11":"first","12":"instock","13":"shipping-taxable","14":"purchasable","15":"product-type-variable"},"_links":{"self":[{"href":"https:\/\/theoutdoorshubgt.com\/shop\/index.php\/wp-json\/wp\/v2\/product\/18364","targetHints":{"allow":["GET"]}}],"collection":[{"href":"https:\/\/theoutdoorshubgt.com\/shop\/index.php\/wp-json\/wp\/v2\/product"}],"about":[{"href":"https:\/\/theoutdoorshubgt.com\/shop\/index.php\/wp-json\/wp\/v2\/types\/product"}],"wp:featuredmedia":[{"embeddable":true,"href":"https:\/\/theoutdoorshubgt.com\/shop\/index.php\/wp-json\/wp\/v2\/media\/18369"}],"wp:attachment":[{"href":"https:\/\/theoutdoorshubgt.com\/shop\/index.php\/wp-json\/wp\/v2\/media?parent=18364"}],"wp:term":[{"taxonomy":"product_cat","embeddable":true,"href":"https:\/\/theoutdoorshubgt.com\/shop\/index.php\/wp-json\/wp\/v2\/product_cat?post=18364"},{"taxonomy":"product_tag","embeddable":true,"href":"https:\/\/theoutdoorshubgt.com\/shop\/index.php\/wp-json\/wp\/v2\/product_tag?post=18364"}],"curies":[{"name":"wp","href":"https:\/\/api.w.org\/{rel}","templated":true}]}}