{"id":18370,"date":"2025-04-24T11:19:27","date_gmt":"2025-04-24T17:19:27","guid":{"rendered":"https:\/\/theoutdoorshubgt.com\/shop\/?post_type=product&#038;p=18370"},"modified":"2026-03-04T18:27:25","modified_gmt":"2026-03-05T00:27:25","slug":"sunday-afternoons-sunward-bucket","status":"publish","type":"product","link":"https:\/\/theoutdoorshubgt.com\/shop\/index.php\/product\/sunday-afternoons-sunward-bucket\/","title":{"rendered":"SUNDAY AFTERNOONS SUNWARD BUCKET"},"content":{"rendered":"<p>\u00a1Toma el sol y disfruta de la sombra! El Sunward Bucket est\u00e1 listo para ayudarte a seguir la corriente. Confeccionado con tela bluesign\u00ae con un acabado repelente al agua duradero sin PFAS, este sombrero contempor\u00e1neo se puede aplastar, empacarlo, rellenarlo o guardarlo y mantiene su forma. Clasificaci\u00f3n solar UPF 50+ con tama\u00f1o ajustable el\u00e1stico y c\u00f3modo, detalles reflectantes y banda para el sudor absorbente.<\/p>\n","protected":false},"excerpt":{"rendered":"<ul>\n<li>Clasificaci\u00f3n solar UPF 50+<\/li>\n<li>Ala inclinada de 2&#8243; (5 cm)<\/li>\n<li>Construcci\u00f3n de ala unida y sin costuras<\/li>\n<li>Repelente al agua duradero sin PFAS<\/li>\n<li>Ojales de ventilaci\u00f3n cortados con l\u00e1ser con superposiciones reflectantes<\/li>\n<li>Tama\u00f1o ajustable y c\u00f3modo el\u00e1stico.<\/li>\n<li>Barboquejo ajustable<\/li>\n<li>Banda para el sudor absorbente<\/li>\n<li>El dise\u00f1o triturable es ideal para viajar<\/li>\n<li>Tejido del cuerpo principal y banda para el sudor bluesign\u00ae<\/li>\n<li>Cuerpo: 96% Poli\u00e9ster, 4% Elastano<\/li>\n<li>Lavar a mano con agua fr\u00eda, secar al aire. No usar lej\u00eda, planchar ni limpiar en seco.<\/li>\n<\/ul>\n","protected":false},"featured_media":18374,"template":"","meta":[],"product_cat":[94,117,114],"product_tag":[],"class_list":{"0":"post-18370","1":"product","2":"type-product","3":"status-publish","4":"has-post-thumbnail","6":"product_brand-sunday-afternoons","7":"product_cat-productos","8":"product_cat-sombreros","9":"product_cat-sombreros-y-gorras","11":"first","12":"instock","13":"shipping-taxable","14":"purchasable","15":"product-type-variable","16":"has-default-attributes"},"_links":{"self":[{"href":"https:\/\/theoutdoorshubgt.com\/shop\/index.php\/wp-json\/wp\/v2\/product\/18370","targetHints":{"allow":["GET"]}}],"collection":[{"href":"https:\/\/theoutdoorshubgt.com\/shop\/index.php\/wp-json\/wp\/v2\/product"}],"about":[{"href":"https:\/\/theoutdoorshubgt.com\/shop\/index.php\/wp-json\/wp\/v2\/types\/product"}],"wp:featuredmedia":[{"embeddable":true,"href":"https:\/\/theoutdoorshubgt.com\/shop\/index.php\/wp-json\/wp\/v2\/media\/18374"}],"wp:attachment":[{"href":"https:\/\/theoutdoorshubgt.com\/shop\/index.php\/wp-json\/wp\/v2\/media?parent=18370"}],"wp:term":[{"taxonomy":"product_cat","embeddable":true,"href":"https:\/\/theoutdoorshubgt.com\/shop\/index.php\/wp-json\/wp\/v2\/product_cat?post=18370"},{"taxonomy":"product_tag","embeddable":true,"href":"https:\/\/theoutdoorshubgt.com\/shop\/index.php\/wp-json\/wp\/v2\/product_tag?post=18370"}],"curies":[{"name":"wp","href":"https:\/\/api.w.org\/{rel}","templated":true}]}}