{"id":18379,"date":"2025-04-29T13:08:34","date_gmt":"2025-04-29T19:08:34","guid":{"rendered":"https:\/\/theoutdoorshubgt.com\/shop\/?post_type=product&#038;p=18379"},"modified":"2025-04-29T13:08:34","modified_gmt":"2025-04-29T19:08:34","slug":"sol-mountain-series-intl-backpacker","status":"publish","type":"product","link":"https:\/\/theoutdoorshubgt.com\/shop\/index.php\/product\/sol-mountain-series-intl-backpacker\/","title":{"rendered":"SOL MOUNTAIN SERIES INTL BACKPACKER"},"content":{"rendered":"<p>Con el Backpacker en tu mochila, t\u00fa y un amigo pueden emprender con confianza aventuras de varios d\u00edas en la naturaleza. Este botiqu\u00edn de primeros auxilios para mochileros te proporciona suficientes suministros de primeros auxilios para ti y un amigo en excursiones de senderismo de hasta cuatro d\u00edas.<\/p>\n","protected":false},"excerpt":{"rendered":"<ul>\n<li>Incluye:<\/li>\n<li>5 vendas adhesivas de tela de 2,5 x 7,6 cm<\/li>\n<li>5 vendas adhesivas de tela para nudillos<\/li>\n<li>4 vendas con cierre de mariposa<\/li>\n<li>1 cinta de tela de 2,5 x 9,4 m<\/li>\n<li>2 vendajes de gasa est\u00e9riles de 10 x 10 cm<\/li>\n<li>2 vendajes de gasa est\u00e9riles de 5 x 5 cm<\/li>\n<li>1 venda el\u00e1stica de 5 cm<\/li>\n<li>1 almohadilla para traumatismos de 12,7 x 23 cm (1 unidad)<\/li>\n<li>2 \u2013 Ap\u00f3sito est\u00e9ril no adherente, 5 x 7,6 cm<\/li>\n<li>1 \u2013 Molesqu\u00edn, precortado\/moldeado<\/li>\n<li>1 \u2013 Herramienta para irrigaci\u00f3n de heridas, 10 cc<\/li>\n<li>1 \u2013 Pinzas para retirar astillas\/garrapatas<\/li>\n<li>3 \u2013 Imperdible<\/li>\n<li>1 \u2013 Tijeras para emergencias m\u00e9dicas, 10 cm<\/li>\n<li>1 \u2013 Aplicador con punta de algod\u00f3n<\/li>\n<li>1 \u2013 Guantes sin l\u00e1tex<\/li>\n<li>1 \u2013 Vendaje de gasa adaptable, est\u00e9ril, 5 cm<\/li>\n<li>3 \u2013 Toalla de papel<\/li>\n<li>2 \u2013 Antidiarreico (clorhidrato de loperamida, 2 mg)<\/li>\n<li>3 \u2013 Analg\u00e9sico\/antipir\u00e9tico (aspirina, 325 mg)<\/li>\n<li>3 \u2013 Antihistam\u00ednico (difenhidramina, 25 mg)<\/li>\n<li>4 \u2013 Analg\u00e9sico\/antipir\u00e9tico (ibuprofeno, 200 mg)<\/li>\n<li>4 \u2013 Analg\u00e9sico\/antipir\u00e9tico (acetaminof\u00e9n, 500 mg)<\/li>\n<li>2 \u2013 Ung\u00fcento antibi\u00f3tico triple<\/li>\n<li>1 \u2013 Tintura de Benju\u00ed<\/li>\n<li>1 \u2013 Manual de primeros auxilios para zonas silvestres<\/li>\n<\/ul>\n","protected":false},"featured_media":18381,"template":"","meta":[],"product_cat":[178,175,94],"product_tag":[],"class_list":{"0":"post-18379","1":"product","2":"type-product","3":"status-publish","4":"has-post-thumbnail","6":"product_brand-sol","7":"product_cat-botiquin","8":"product_cat-cuidado-personal","9":"product_cat-productos","11":"first","12":"instock","13":"shipping-taxable","14":"purchasable","15":"product-type-simple"},"_links":{"self":[{"href":"https:\/\/theoutdoorshubgt.com\/shop\/index.php\/wp-json\/wp\/v2\/product\/18379","targetHints":{"allow":["GET"]}}],"collection":[{"href":"https:\/\/theoutdoorshubgt.com\/shop\/index.php\/wp-json\/wp\/v2\/product"}],"about":[{"href":"https:\/\/theoutdoorshubgt.com\/shop\/index.php\/wp-json\/wp\/v2\/types\/product"}],"wp:featuredmedia":[{"embeddable":true,"href":"https:\/\/theoutdoorshubgt.com\/shop\/index.php\/wp-json\/wp\/v2\/media\/18381"}],"wp:attachment":[{"href":"https:\/\/theoutdoorshubgt.com\/shop\/index.php\/wp-json\/wp\/v2\/media?parent=18379"}],"wp:term":[{"taxonomy":"product_cat","embeddable":true,"href":"https:\/\/theoutdoorshubgt.com\/shop\/index.php\/wp-json\/wp\/v2\/product_cat?post=18379"},{"taxonomy":"product_tag","embeddable":true,"href":"https:\/\/theoutdoorshubgt.com\/shop\/index.php\/wp-json\/wp\/v2\/product_tag?post=18379"}],"curies":[{"name":"wp","href":"https:\/\/api.w.org\/{rel}","templated":true}]}}